{"id":147941,"date":"2020-04-02T20:56:50","date_gmt":"2020-04-03T00:56:50","guid":{"rendered":"https:\/\/www.bve.ulaval.ca\/?page_id=147941"},"modified":"2024-06-11T14:47:23","modified_gmt":"2024-06-11T18:47:23","slug":"getting-around","status":"publish","type":"page","link":"https:\/\/www.bve.ulaval.ca\/en\/international-students\/prepare-your-stay\/getting-around\/","title":{"rendered":"Getting around"},"content":{"rendered":"<div style=\"display:none;visibility:hidden\">[boite_bleue]<\/p>\n<h6>Important<\/h6>\n<p>Before planning your trip to Canada, make sure you meet the requirements to be allowed to travel to Canada. Have a close look at the \u201c<a href=\"https:\/\/www.ulaval.ca\/en\/covid-19\/international-students-all-you-need-to-know\" target=\"_blank\" rel=\"noopener noreferrer\">Travelling to Canada &#8211; International Students<\/a>\u201d page to get all the information you need for your trip to Canada. You should also familiarize yourself with the information on our \u201c<a href=\"https:\/\/www.ulaval.ca\/en\/covid-19\/mandatory-quarantine\" target=\"_blank\" rel=\"noopener\">Vaccination, testing, and quarantine requirements for entering Canada<\/a>\u201d page.<\/p>\n<p>[\/boite_bleue]<\/p><\/div>\n<p>Find out about fares or bike, bus or taxi rides on the <a href=\"https:\/\/www.bve.ulaval.ca\/en\/international-students\/living-in-quebec-city\/getting-around\/\" target=\"_blank\" rel=\"noopener noreferrer\">BVE website<\/a>.<\/p>\n<p>The <a href=\"http:\/\/www.ulaval.ca\/etudiants-actuels\/etudes\/laissez-passer-universitaire\" target=\"_blank\" rel=\"noopener noreferrer\">Laissez-passer universitaire-LPU<\/a> is a public transit pass available only to full-time students at Universit\u00e9 Laval. It offers unlimited access to the regular services of R\u00e9seau de transport de la Capitale (RTC) and Soci\u00e9t\u00e9 de transport de L\u00e9vis (STL\u00e9vis) for the fall and winter semesters. It is one of the mandatory institutional fees, and is automatically charged to all full-time students.<\/p>\n<ul style=\"list-style-type: disc;\">\n<li>Fall semester: valid from September 1 to December 31<\/li>\n<li>Winter semester: January 1 to April 30<\/li>\n<\/ul>\n<h2>Full time students<\/h2>\n<p>If you are already registered for your first semester of study, you can order your LPU on monPortail once you have submitted your photo for the production of the Universit\u00e9 Laval ID card. The U-Pass can be mailed only to addresses in Qu\u00e9bec.<\/p>\n<p>If you have reserved a room in residence but do not know your room number yet, you can pick your U-Pass up at the reception desk when you arrive at your residence hall.<\/p>\n<h2>Visiting students<\/h2>\n<p>If you are a visiting student (exchange student), your LPU membership is optional. You will automatically receive an email within a few weeks of registering for your classes with information on how to apply for your LPU membership and a certificate that will allow you to do so.<\/p>\n","protected":false},"excerpt":{"rendered":"<p>Find out about fares or bike, bus or taxi rides on the BVE website. The Laissez-passer universitaire-LPU is a public transit pass available only to full-time students at Universit\u00e9 Laval. It offers unlimited access to the regular services of R\u00e9seau de transport de la Capitale (RTC) and Soci\u00e9t\u00e9 de transport de L\u00e9vis (STL\u00e9vis) for the [&hellip;]<\/p>\n","protected":false},"author":1,"featured_media":0,"parent":147915,"menu_order":16,"comment_status":"closed","ping_status":"closed","template":"page-newcss.php","meta":{"_acf_changed":false,"footnotes":""},"class_list":["post-147941","page","type-page","status-publish","hentry"],"acf":[],"yoast_head":"<!-- This site is optimized with the Yoast SEO plugin v27.4 - https:\/\/yoast.com\/product\/yoast-seo-wordpress\/ -->\n<title>Getting around | Bureau de la vie \u00e9tudiante<\/title>\n<meta name=\"robots\" content=\"index, follow, max-snippet:-1, max-image-preview:large, max-video-preview:-1\" \/>\n<link rel=\"canonical\" href=\"https:\/\/www.bve.ulaval.ca\/en\/international-students\/prepare-your-stay\/getting-around\/\" \/>\n<meta property=\"og:locale\" content=\"en_US\" \/>\n<meta property=\"og:type\" content=\"article\" \/>\n<meta property=\"og:title\" content=\"Getting around | Bureau de la vie \u00e9tudiante\" \/>\n<meta property=\"og:description\" content=\"Find out about fares or bike, bus or taxi rides on the BVE website. The Laissez-passer universitaire-LPU is a public transit pass available only to full-time students at Universit\u00e9 Laval. It offers unlimited access to the regular services of R\u00e9seau de transport de la Capitale (RTC) and Soci\u00e9t\u00e9 de transport de L\u00e9vis (STL\u00e9vis) for the [&hellip;]\" \/>\n<meta property=\"og:url\" content=\"https:\/\/www.bve.ulaval.ca\/en\/international-students\/prepare-your-stay\/getting-around\/\" \/>\n<meta property=\"og:site_name\" content=\"Bureau de la vie \u00e9tudiante\" \/>\n<meta property=\"article:publisher\" content=\"https:\/\/www.facebook.com\/BVEvieetudiante\" \/>\n<meta property=\"article:modified_time\" content=\"2024-06-11T18:47:23+00:00\" \/>\n<meta name=\"twitter:label1\" content=\"Est. reading time\" \/>\n\t<meta name=\"twitter:data1\" content=\"2 minutes\" \/>\n<script type=\"application\/ld+json\" class=\"yoast-schema-graph\">{\"@context\":\"https:\\\/\\\/schema.org\",\"@graph\":[{\"@type\":\"WebPage\",\"@id\":\"https:\\\/\\\/www.bve.ulaval.ca\\\/en\\\/international-students\\\/prepare-your-stay\\\/getting-around\\\/\",\"url\":\"https:\\\/\\\/www.bve.ulaval.ca\\\/en\\\/international-students\\\/prepare-your-stay\\\/getting-around\\\/\",\"name\":\"Getting around | Bureau de la vie \u00e9tudiante\",\"isPartOf\":{\"@id\":\"https:\\\/\\\/www.bve.ulaval.ca\\\/en\\\/#website\"},\"datePublished\":\"2020-04-03T00:56:50+00:00\",\"dateModified\":\"2024-06-11T18:47:23+00:00\",\"breadcrumb\":{\"@id\":\"https:\\\/\\\/www.bve.ulaval.ca\\\/en\\\/international-students\\\/prepare-your-stay\\\/getting-around\\\/#breadcrumb\"},\"inLanguage\":\"en-US\",\"potentialAction\":[{\"@type\":\"ReadAction\",\"target\":[\"https:\\\/\\\/www.bve.ulaval.ca\\\/en\\\/international-students\\\/prepare-your-stay\\\/getting-around\\\/\"]}]},{\"@type\":\"BreadcrumbList\",\"@id\":\"https:\\\/\\\/www.bve.ulaval.ca\\\/en\\\/international-students\\\/prepare-your-stay\\\/getting-around\\\/#breadcrumb\",\"itemListElement\":[{\"@type\":\"ListItem\",\"position\":1,\"name\":\"Accueil\",\"item\":\"https:\\\/\\\/www.bve.ulaval.ca\\\/en\\\/\"},{\"@type\":\"ListItem\",\"position\":2,\"name\":\"International Students\",\"item\":\"https:\\\/\\\/www.bve.ulaval.ca\\\/en\\\/international-students\\\/\"},{\"@type\":\"ListItem\",\"position\":3,\"name\":\"Prepare your stay\",\"item\":\"https:\\\/\\\/www.bve.ulaval.ca\\\/en\\\/international-students\\\/prepare-your-stay\\\/\"},{\"@type\":\"ListItem\",\"position\":4,\"name\":\"Getting around\"}]},{\"@type\":\"WebSite\",\"@id\":\"https:\\\/\\\/www.bve.ulaval.ca\\\/en\\\/#website\",\"url\":\"https:\\\/\\\/www.bve.ulaval.ca\\\/en\\\/\",\"name\":\"Bureau de la vie \u00e9tudiante\",\"description\":\"Universit\u00e9 Laval\",\"potentialAction\":[{\"@type\":\"SearchAction\",\"target\":{\"@type\":\"EntryPoint\",\"urlTemplate\":\"https:\\\/\\\/www.bve.ulaval.ca\\\/en\\\/?s={search_term_string}\"},\"query-input\":{\"@type\":\"PropertyValueSpecification\",\"valueRequired\":true,\"valueName\":\"search_term_string\"}}],\"inLanguage\":\"en-US\"}]}<\/script>\n<!-- \/ Yoast SEO plugin. -->","yoast_head_json":{"title":"Getting around | Bureau de la vie \u00e9tudiante","robots":{"index":"index","follow":"follow","max-snippet":"max-snippet:-1","max-image-preview":"max-image-preview:large","max-video-preview":"max-video-preview:-1"},"canonical":"https:\/\/www.bve.ulaval.ca\/en\/international-students\/prepare-your-stay\/getting-around\/","og_locale":"en_US","og_type":"article","og_title":"Getting around | Bureau de la vie \u00e9tudiante","og_description":"Find out about fares or bike, bus or taxi rides on the BVE website. The Laissez-passer universitaire-LPU is a public transit pass available only to full-time students at Universit\u00e9 Laval. It offers unlimited access to the regular services of R\u00e9seau de transport de la Capitale (RTC) and Soci\u00e9t\u00e9 de transport de L\u00e9vis (STL\u00e9vis) for the [&hellip;]","og_url":"https:\/\/www.bve.ulaval.ca\/en\/international-students\/prepare-your-stay\/getting-around\/","og_site_name":"Bureau de la vie \u00e9tudiante","article_publisher":"https:\/\/www.facebook.com\/BVEvieetudiante","article_modified_time":"2024-06-11T18:47:23+00:00","twitter_misc":{"Est. reading time":"2 minutes"},"schema":{"@context":"https:\/\/schema.org","@graph":[{"@type":"WebPage","@id":"https:\/\/www.bve.ulaval.ca\/en\/international-students\/prepare-your-stay\/getting-around\/","url":"https:\/\/www.bve.ulaval.ca\/en\/international-students\/prepare-your-stay\/getting-around\/","name":"Getting around | Bureau de la vie \u00e9tudiante","isPartOf":{"@id":"https:\/\/www.bve.ulaval.ca\/en\/#website"},"datePublished":"2020-04-03T00:56:50+00:00","dateModified":"2024-06-11T18:47:23+00:00","breadcrumb":{"@id":"https:\/\/www.bve.ulaval.ca\/en\/international-students\/prepare-your-stay\/getting-around\/#breadcrumb"},"inLanguage":"en-US","potentialAction":[{"@type":"ReadAction","target":["https:\/\/www.bve.ulaval.ca\/en\/international-students\/prepare-your-stay\/getting-around\/"]}]},{"@type":"BreadcrumbList","@id":"https:\/\/www.bve.ulaval.ca\/en\/international-students\/prepare-your-stay\/getting-around\/#breadcrumb","itemListElement":[{"@type":"ListItem","position":1,"name":"Accueil","item":"https:\/\/www.bve.ulaval.ca\/en\/"},{"@type":"ListItem","position":2,"name":"International Students","item":"https:\/\/www.bve.ulaval.ca\/en\/international-students\/"},{"@type":"ListItem","position":3,"name":"Prepare your stay","item":"https:\/\/www.bve.ulaval.ca\/en\/international-students\/prepare-your-stay\/"},{"@type":"ListItem","position":4,"name":"Getting around"}]},{"@type":"WebSite","@id":"https:\/\/www.bve.ulaval.ca\/en\/#website","url":"https:\/\/www.bve.ulaval.ca\/en\/","name":"Bureau de la vie \u00e9tudiante","description":"Universit\u00e9 Laval","potentialAction":[{"@type":"SearchAction","target":{"@type":"EntryPoint","urlTemplate":"https:\/\/www.bve.ulaval.ca\/en\/?s={search_term_string}"},"query-input":{"@type":"PropertyValueSpecification","valueRequired":true,"valueName":"search_term_string"}}],"inLanguage":"en-US"}]}},"_links":{"self":[{"href":"https:\/\/www.bve.ulaval.ca\/en\/wp-json\/wp\/v2\/pages\/147941","targetHints":{"allow":["GET"]}}],"collection":[{"href":"https:\/\/www.bve.ulaval.ca\/en\/wp-json\/wp\/v2\/pages"}],"about":[{"href":"https:\/\/www.bve.ulaval.ca\/en\/wp-json\/wp\/v2\/types\/page"}],"author":[{"embeddable":true,"href":"https:\/\/www.bve.ulaval.ca\/en\/wp-json\/wp\/v2\/users\/1"}],"replies":[{"embeddable":true,"href":"https:\/\/www.bve.ulaval.ca\/en\/wp-json\/wp\/v2\/comments?post=147941"}],"version-history":[{"count":0,"href":"https:\/\/www.bve.ulaval.ca\/en\/wp-json\/wp\/v2\/pages\/147941\/revisions"}],"up":[{"embeddable":true,"href":"https:\/\/www.bve.ulaval.ca\/en\/wp-json\/wp\/v2\/pages\/147915"}],"wp:attachment":[{"href":"https:\/\/www.bve.ulaval.ca\/en\/wp-json\/wp\/v2\/media?parent=147941"}],"curies":[{"name":"wp","href":"https:\/\/api.w.org\/{rel}","templated":true}]}}