{"id":167952,"date":"2024-06-27T09:19:59","date_gmt":"2024-06-27T13:19:59","guid":{"rendered":"https:\/\/www.bve.ulaval.ca\/?page_id=167952"},"modified":"2025-08-20T06:31:15","modified_gmt":"2025-08-20T10:31:15","slug":"checklist","status":"publish","type":"page","link":"https:\/\/www.bve.ulaval.ca\/en\/checklist\/","title":{"rendered":"Checklist: Preparing for Your Arrival"},"content":{"rendered":"<p>Moving to another country to study or work means learning a lot of small things very quickly. To help you adapt, Bureau de la vie \u00e9tudiante has produced a checklist with all kinds of information and tips.<\/p>\n<p><strong>English version:<\/strong> <a href=\"https:\/\/www.bve.ulaval.ca\/wp-content\/uploads\/2025\/01\/aide_memoire_en.pdf\" target=\"_blank\" rel=\"noopener\">Checklist: Preparing for Your Arrival (PDF)<\/a><\/p>\n<p><strong>French version:<\/strong> <a href=\"https:\/\/www.bve.ulaval.ca\/wp-content\/uploads\/2025\/05\/aide_memoire_fr.pdf\" target=\"_blank\" rel=\"noopener\">Aide-m\u00e9moire: pr\u00e9parez votre arriv\u00e9e (PDF)<\/a><\/p>\n<p>For further information, please consult the <a href=\"\/wp-content\/uploads\/2025\/06\/before-your-arrival-a25-ramq.pdf\" target=\"_blank\" rel=\"noopener\">pre-departure sessions<\/a> reference document (PDF) if <strong>your country of residence is Belgium, Denmark, Finland, France, Greece, Luxembourg, Norway, Portugal, Romania, Serbia or Sweden<\/strong> and the <a href=\"\/wp-content\/uploads\/2025\/08\/before-your-arrival-a2025-desj.pdf\" target=\"_blank\" rel=\"noopener\">pre-departure sessions<\/a> reference document (PDF) if <strong>your country of residence is any other country<\/strong>. Consult also the <a href=\"\/wp-content\/uploads\/2025\/08\/information-session-a25.pdf\" target=\"_blank\" rel=\"noopener\">welcome session reference document (PDF)<\/a>.<\/p>\n","protected":false},"excerpt":{"rendered":"<p>Moving to another country to study or work means learning a lot of small things very quickly. To help you adapt, Bureau de la vie \u00e9tudiante has produced a checklist with all kinds of information and tips. English version: Checklist: Preparing for Your Arrival (PDF) French version: Aide-m\u00e9moire: pr\u00e9parez votre arriv\u00e9e (PDF) For further information, [&hellip;]<\/p>\n","protected":false},"author":39,"featured_media":0,"parent":0,"menu_order":0,"comment_status":"closed","ping_status":"closed","template":"","meta":{"_acf_changed":false,"footnotes":""},"class_list":["post-167952","page","type-page","status-publish","hentry"],"acf":[],"yoast_head":"<!-- This site is optimized with the Yoast SEO plugin v27.4 - https:\/\/yoast.com\/product\/yoast-seo-wordpress\/ -->\n<title>Checklist: Preparing for Your Arrival | Bureau de la vie \u00e9tudiante<\/title>\n<meta name=\"robots\" content=\"index, follow, max-snippet:-1, max-image-preview:large, max-video-preview:-1\" \/>\n<link rel=\"canonical\" href=\"https:\/\/www.bve.ulaval.ca\/en\/checklist\/\" \/>\n<meta property=\"og:locale\" content=\"en_US\" \/>\n<meta property=\"og:type\" content=\"article\" \/>\n<meta property=\"og:title\" content=\"Checklist: Preparing for Your Arrival | Bureau de la vie \u00e9tudiante\" \/>\n<meta property=\"og:description\" content=\"Moving to another country to study or work means learning a lot of small things very quickly. To help you adapt, Bureau de la vie \u00e9tudiante has produced a checklist with all kinds of information and tips. English version: Checklist: Preparing for Your Arrival (PDF) French version: Aide-m\u00e9moire: pr\u00e9parez votre arriv\u00e9e (PDF) For further information, [&hellip;]\" \/>\n<meta property=\"og:url\" content=\"https:\/\/www.bve.ulaval.ca\/en\/checklist\/\" \/>\n<meta property=\"og:site_name\" content=\"Bureau de la vie \u00e9tudiante\" \/>\n<meta property=\"article:publisher\" content=\"https:\/\/www.facebook.com\/BVEvieetudiante\" \/>\n<meta property=\"article:modified_time\" content=\"2025-08-20T10:31:15+00:00\" \/>\n<meta name=\"twitter:label1\" content=\"Est. reading time\" \/>\n\t<meta name=\"twitter:data1\" content=\"1 minute\" \/>\n<script type=\"application\/ld+json\" class=\"yoast-schema-graph\">{\"@context\":\"https:\\\/\\\/schema.org\",\"@graph\":[{\"@type\":\"WebPage\",\"@id\":\"https:\\\/\\\/www.bve.ulaval.ca\\\/en\\\/checklist\\\/\",\"url\":\"https:\\\/\\\/www.bve.ulaval.ca\\\/en\\\/checklist\\\/\",\"name\":\"Checklist: Preparing for Your Arrival | Bureau de la vie \u00e9tudiante\",\"isPartOf\":{\"@id\":\"https:\\\/\\\/www.bve.ulaval.ca\\\/en\\\/#website\"},\"datePublished\":\"2024-06-27T13:19:59+00:00\",\"dateModified\":\"2025-08-20T10:31:15+00:00\",\"breadcrumb\":{\"@id\":\"https:\\\/\\\/www.bve.ulaval.ca\\\/en\\\/checklist\\\/#breadcrumb\"},\"inLanguage\":\"en-US\",\"potentialAction\":[{\"@type\":\"ReadAction\",\"target\":[\"https:\\\/\\\/www.bve.ulaval.ca\\\/en\\\/checklist\\\/\"]}]},{\"@type\":\"BreadcrumbList\",\"@id\":\"https:\\\/\\\/www.bve.ulaval.ca\\\/en\\\/checklist\\\/#breadcrumb\",\"itemListElement\":[{\"@type\":\"ListItem\",\"position\":1,\"name\":\"Accueil\",\"item\":\"https:\\\/\\\/www.bve.ulaval.ca\\\/en\\\/\"},{\"@type\":\"ListItem\",\"position\":2,\"name\":\"Checklist: Preparing for Your Arrival\"}]},{\"@type\":\"WebSite\",\"@id\":\"https:\\\/\\\/www.bve.ulaval.ca\\\/en\\\/#website\",\"url\":\"https:\\\/\\\/www.bve.ulaval.ca\\\/en\\\/\",\"name\":\"Bureau de la vie \u00e9tudiante\",\"description\":\"Universit\u00e9 Laval\",\"potentialAction\":[{\"@type\":\"SearchAction\",\"target\":{\"@type\":\"EntryPoint\",\"urlTemplate\":\"https:\\\/\\\/www.bve.ulaval.ca\\\/en\\\/?s={search_term_string}\"},\"query-input\":{\"@type\":\"PropertyValueSpecification\",\"valueRequired\":true,\"valueName\":\"search_term_string\"}}],\"inLanguage\":\"en-US\"}]}<\/script>\n<!-- \/ Yoast SEO plugin. -->","yoast_head_json":{"title":"Checklist: Preparing for Your Arrival | Bureau de la vie \u00e9tudiante","robots":{"index":"index","follow":"follow","max-snippet":"max-snippet:-1","max-image-preview":"max-image-preview:large","max-video-preview":"max-video-preview:-1"},"canonical":"https:\/\/www.bve.ulaval.ca\/en\/checklist\/","og_locale":"en_US","og_type":"article","og_title":"Checklist: Preparing for Your Arrival | Bureau de la vie \u00e9tudiante","og_description":"Moving to another country to study or work means learning a lot of small things very quickly. To help you adapt, Bureau de la vie \u00e9tudiante has produced a checklist with all kinds of information and tips. English version: Checklist: Preparing for Your Arrival (PDF) French version: Aide-m\u00e9moire: pr\u00e9parez votre arriv\u00e9e (PDF) For further information, [&hellip;]","og_url":"https:\/\/www.bve.ulaval.ca\/en\/checklist\/","og_site_name":"Bureau de la vie \u00e9tudiante","article_publisher":"https:\/\/www.facebook.com\/BVEvieetudiante","article_modified_time":"2025-08-20T10:31:15+00:00","twitter_misc":{"Est. reading time":"1 minute"},"schema":{"@context":"https:\/\/schema.org","@graph":[{"@type":"WebPage","@id":"https:\/\/www.bve.ulaval.ca\/en\/checklist\/","url":"https:\/\/www.bve.ulaval.ca\/en\/checklist\/","name":"Checklist: Preparing for Your Arrival | Bureau de la vie \u00e9tudiante","isPartOf":{"@id":"https:\/\/www.bve.ulaval.ca\/en\/#website"},"datePublished":"2024-06-27T13:19:59+00:00","dateModified":"2025-08-20T10:31:15+00:00","breadcrumb":{"@id":"https:\/\/www.bve.ulaval.ca\/en\/checklist\/#breadcrumb"},"inLanguage":"en-US","potentialAction":[{"@type":"ReadAction","target":["https:\/\/www.bve.ulaval.ca\/en\/checklist\/"]}]},{"@type":"BreadcrumbList","@id":"https:\/\/www.bve.ulaval.ca\/en\/checklist\/#breadcrumb","itemListElement":[{"@type":"ListItem","position":1,"name":"Accueil","item":"https:\/\/www.bve.ulaval.ca\/en\/"},{"@type":"ListItem","position":2,"name":"Checklist: Preparing for Your Arrival"}]},{"@type":"WebSite","@id":"https:\/\/www.bve.ulaval.ca\/en\/#website","url":"https:\/\/www.bve.ulaval.ca\/en\/","name":"Bureau de la vie \u00e9tudiante","description":"Universit\u00e9 Laval","potentialAction":[{"@type":"SearchAction","target":{"@type":"EntryPoint","urlTemplate":"https:\/\/www.bve.ulaval.ca\/en\/?s={search_term_string}"},"query-input":{"@type":"PropertyValueSpecification","valueRequired":true,"valueName":"search_term_string"}}],"inLanguage":"en-US"}]}},"_links":{"self":[{"href":"https:\/\/www.bve.ulaval.ca\/en\/wp-json\/wp\/v2\/pages\/167952","targetHints":{"allow":["GET"]}}],"collection":[{"href":"https:\/\/www.bve.ulaval.ca\/en\/wp-json\/wp\/v2\/pages"}],"about":[{"href":"https:\/\/www.bve.ulaval.ca\/en\/wp-json\/wp\/v2\/types\/page"}],"author":[{"embeddable":true,"href":"https:\/\/www.bve.ulaval.ca\/en\/wp-json\/wp\/v2\/users\/39"}],"replies":[{"embeddable":true,"href":"https:\/\/www.bve.ulaval.ca\/en\/wp-json\/wp\/v2\/comments?post=167952"}],"version-history":[{"count":0,"href":"https:\/\/www.bve.ulaval.ca\/en\/wp-json\/wp\/v2\/pages\/167952\/revisions"}],"wp:attachment":[{"href":"https:\/\/www.bve.ulaval.ca\/en\/wp-json\/wp\/v2\/media?parent=167952"}],"curies":[{"name":"wp","href":"https:\/\/api.w.org\/{rel}","templated":true}]}}