{"id":523,"date":"2014-11-28T10:47:33","date_gmt":"2014-11-28T15:47:33","guid":{"rendered":"https:\/\/www.bve.ulaval.ca\/?page_id=523"},"modified":"2020-04-27T14:52:56","modified_gmt":"2020-04-27T18:52:56","slug":"airports-services","status":"publish","type":"page","link":"https:\/\/www.bve.ulaval.ca\/en\/international-students\/arrival-welcoming-services-and-settle-in-quebec-city\/airports-services\/","title":{"rendered":"Airports Services"},"content":{"rendered":"<p>As soon as you land in Qu\u00e9bec, you have access to various services at airports to facilitate your arrival:<\/p>\n<ul style=\"list-style-type: disc;\">\n<li><a href=\"https:\/\/www.bve.ulaval.ca\/en\/international-students\/arrival-welcoming-services-and-settle-in-quebec-city\/airports-services\/quebec-city-jean-lesage-international-airport\/\">Qu\u00e9bec City Jean-Lesage International Airport<\/a><\/li>\n<li><a href=\"https:\/\/www.bve.ulaval.ca\/en\/international-students\/arrival-welcoming-services-and-settle-in-quebec-city\/airports-services\/montreal-trudeau-airport\/\">Montr\u00e9al-Trudeau Airport<\/a><\/li>\n<\/ul>\n","protected":false},"excerpt":{"rendered":"<p>As soon as you land in Qu\u00e9bec, you have access to various services at airports to facilitate your arrival: Qu\u00e9bec City Jean-Lesage International Airport Montr\u00e9al-Trudeau Airport<\/p>\n","protected":false},"author":7,"featured_media":0,"parent":147948,"menu_order":4,"comment_status":"closed","ping_status":"closed","template":"page-newcss.php","meta":{"_acf_changed":false,"footnotes":""},"class_list":["post-523","page","type-page","status-publish","hentry"],"acf":[],"yoast_head":"<!-- This site is optimized with the Yoast SEO plugin v27.4 - https:\/\/yoast.com\/product\/yoast-seo-wordpress\/ -->\n<title>Airports Services | Bureau de la vie \u00e9tudiante<\/title>\n<meta name=\"robots\" content=\"index, follow, max-snippet:-1, max-image-preview:large, max-video-preview:-1\" \/>\n<link rel=\"canonical\" href=\"https:\/\/www.bve.ulaval.ca\/en\/international-students\/arrival-welcoming-services-and-settle-in-quebec-city\/airports-services\/\" \/>\n<meta property=\"og:locale\" content=\"en_US\" \/>\n<meta property=\"og:type\" content=\"article\" \/>\n<meta property=\"og:title\" content=\"Airports Services | Bureau de la vie \u00e9tudiante\" \/>\n<meta property=\"og:description\" content=\"As soon as you land in Qu\u00e9bec, you have access to various services at airports to facilitate your arrival: Qu\u00e9bec City Jean-Lesage International Airport Montr\u00e9al-Trudeau Airport\" \/>\n<meta property=\"og:url\" content=\"https:\/\/www.bve.ulaval.ca\/en\/international-students\/arrival-welcoming-services-and-settle-in-quebec-city\/airports-services\/\" \/>\n<meta property=\"og:site_name\" content=\"Bureau de la vie \u00e9tudiante\" \/>\n<meta property=\"article:publisher\" content=\"https:\/\/www.facebook.com\/BVEvieetudiante\" \/>\n<meta property=\"article:modified_time\" content=\"2020-04-27T18:52:56+00:00\" \/>\n<script type=\"application\/ld+json\" class=\"yoast-schema-graph\">{\"@context\":\"https:\\\/\\\/schema.org\",\"@graph\":[{\"@type\":\"WebPage\",\"@id\":\"https:\\\/\\\/www.bve.ulaval.ca\\\/en\\\/international-students\\\/arrival-welcoming-services-and-settle-in-quebec-city\\\/airports-services\\\/\",\"url\":\"https:\\\/\\\/www.bve.ulaval.ca\\\/en\\\/international-students\\\/arrival-welcoming-services-and-settle-in-quebec-city\\\/airports-services\\\/\",\"name\":\"Airports Services | Bureau de la vie \u00e9tudiante\",\"isPartOf\":{\"@id\":\"https:\\\/\\\/www.bve.ulaval.ca\\\/en\\\/#website\"},\"datePublished\":\"2014-11-28T15:47:33+00:00\",\"dateModified\":\"2020-04-27T18:52:56+00:00\",\"breadcrumb\":{\"@id\":\"https:\\\/\\\/www.bve.ulaval.ca\\\/en\\\/international-students\\\/arrival-welcoming-services-and-settle-in-quebec-city\\\/airports-services\\\/#breadcrumb\"},\"inLanguage\":\"en-US\",\"potentialAction\":[{\"@type\":\"ReadAction\",\"target\":[\"https:\\\/\\\/www.bve.ulaval.ca\\\/en\\\/international-students\\\/arrival-welcoming-services-and-settle-in-quebec-city\\\/airports-services\\\/\"]}]},{\"@type\":\"BreadcrumbList\",\"@id\":\"https:\\\/\\\/www.bve.ulaval.ca\\\/en\\\/international-students\\\/arrival-welcoming-services-and-settle-in-quebec-city\\\/airports-services\\\/#breadcrumb\",\"itemListElement\":[{\"@type\":\"ListItem\",\"position\":1,\"name\":\"Accueil\",\"item\":\"https:\\\/\\\/www.bve.ulaval.ca\\\/en\\\/\"},{\"@type\":\"ListItem\",\"position\":2,\"name\":\"International Students\",\"item\":\"https:\\\/\\\/www.bve.ulaval.ca\\\/en\\\/international-students\\\/\"},{\"@type\":\"ListItem\",\"position\":3,\"name\":\"Arrival, welcoming services and settle in Qu\u00e9bec City\",\"item\":\"https:\\\/\\\/www.bve.ulaval.ca\\\/en\\\/international-students\\\/arrival-welcoming-services-and-settle-in-quebec-city\\\/\"},{\"@type\":\"ListItem\",\"position\":4,\"name\":\"Airports Services\"}]},{\"@type\":\"WebSite\",\"@id\":\"https:\\\/\\\/www.bve.ulaval.ca\\\/en\\\/#website\",\"url\":\"https:\\\/\\\/www.bve.ulaval.ca\\\/en\\\/\",\"name\":\"Bureau de la vie \u00e9tudiante\",\"description\":\"Universit\u00e9 Laval\",\"potentialAction\":[{\"@type\":\"SearchAction\",\"target\":{\"@type\":\"EntryPoint\",\"urlTemplate\":\"https:\\\/\\\/www.bve.ulaval.ca\\\/en\\\/?s={search_term_string}\"},\"query-input\":{\"@type\":\"PropertyValueSpecification\",\"valueRequired\":true,\"valueName\":\"search_term_string\"}}],\"inLanguage\":\"en-US\"}]}<\/script>\n<!-- \/ Yoast SEO plugin. -->","yoast_head_json":{"title":"Airports Services | Bureau de la vie \u00e9tudiante","robots":{"index":"index","follow":"follow","max-snippet":"max-snippet:-1","max-image-preview":"max-image-preview:large","max-video-preview":"max-video-preview:-1"},"canonical":"https:\/\/www.bve.ulaval.ca\/en\/international-students\/arrival-welcoming-services-and-settle-in-quebec-city\/airports-services\/","og_locale":"en_US","og_type":"article","og_title":"Airports Services | Bureau de la vie \u00e9tudiante","og_description":"As soon as you land in Qu\u00e9bec, you have access to various services at airports to facilitate your arrival: Qu\u00e9bec City Jean-Lesage International Airport Montr\u00e9al-Trudeau Airport","og_url":"https:\/\/www.bve.ulaval.ca\/en\/international-students\/arrival-welcoming-services-and-settle-in-quebec-city\/airports-services\/","og_site_name":"Bureau de la vie \u00e9tudiante","article_publisher":"https:\/\/www.facebook.com\/BVEvieetudiante","article_modified_time":"2020-04-27T18:52:56+00:00","schema":{"@context":"https:\/\/schema.org","@graph":[{"@type":"WebPage","@id":"https:\/\/www.bve.ulaval.ca\/en\/international-students\/arrival-welcoming-services-and-settle-in-quebec-city\/airports-services\/","url":"https:\/\/www.bve.ulaval.ca\/en\/international-students\/arrival-welcoming-services-and-settle-in-quebec-city\/airports-services\/","name":"Airports Services | Bureau de la vie \u00e9tudiante","isPartOf":{"@id":"https:\/\/www.bve.ulaval.ca\/en\/#website"},"datePublished":"2014-11-28T15:47:33+00:00","dateModified":"2020-04-27T18:52:56+00:00","breadcrumb":{"@id":"https:\/\/www.bve.ulaval.ca\/en\/international-students\/arrival-welcoming-services-and-settle-in-quebec-city\/airports-services\/#breadcrumb"},"inLanguage":"en-US","potentialAction":[{"@type":"ReadAction","target":["https:\/\/www.bve.ulaval.ca\/en\/international-students\/arrival-welcoming-services-and-settle-in-quebec-city\/airports-services\/"]}]},{"@type":"BreadcrumbList","@id":"https:\/\/www.bve.ulaval.ca\/en\/international-students\/arrival-welcoming-services-and-settle-in-quebec-city\/airports-services\/#breadcrumb","itemListElement":[{"@type":"ListItem","position":1,"name":"Accueil","item":"https:\/\/www.bve.ulaval.ca\/en\/"},{"@type":"ListItem","position":2,"name":"International Students","item":"https:\/\/www.bve.ulaval.ca\/en\/international-students\/"},{"@type":"ListItem","position":3,"name":"Arrival, welcoming services and settle in Qu\u00e9bec City","item":"https:\/\/www.bve.ulaval.ca\/en\/international-students\/arrival-welcoming-services-and-settle-in-quebec-city\/"},{"@type":"ListItem","position":4,"name":"Airports Services"}]},{"@type":"WebSite","@id":"https:\/\/www.bve.ulaval.ca\/en\/#website","url":"https:\/\/www.bve.ulaval.ca\/en\/","name":"Bureau de la vie \u00e9tudiante","description":"Universit\u00e9 Laval","potentialAction":[{"@type":"SearchAction","target":{"@type":"EntryPoint","urlTemplate":"https:\/\/www.bve.ulaval.ca\/en\/?s={search_term_string}"},"query-input":{"@type":"PropertyValueSpecification","valueRequired":true,"valueName":"search_term_string"}}],"inLanguage":"en-US"}]}},"_links":{"self":[{"href":"https:\/\/www.bve.ulaval.ca\/en\/wp-json\/wp\/v2\/pages\/523","targetHints":{"allow":["GET"]}}],"collection":[{"href":"https:\/\/www.bve.ulaval.ca\/en\/wp-json\/wp\/v2\/pages"}],"about":[{"href":"https:\/\/www.bve.ulaval.ca\/en\/wp-json\/wp\/v2\/types\/page"}],"author":[{"embeddable":true,"href":"https:\/\/www.bve.ulaval.ca\/en\/wp-json\/wp\/v2\/users\/7"}],"replies":[{"embeddable":true,"href":"https:\/\/www.bve.ulaval.ca\/en\/wp-json\/wp\/v2\/comments?post=523"}],"version-history":[{"count":0,"href":"https:\/\/www.bve.ulaval.ca\/en\/wp-json\/wp\/v2\/pages\/523\/revisions"}],"up":[{"embeddable":true,"href":"https:\/\/www.bve.ulaval.ca\/en\/wp-json\/wp\/v2\/pages\/147948"}],"wp:attachment":[{"href":"https:\/\/www.bve.ulaval.ca\/en\/wp-json\/wp\/v2\/media?parent=523"}],"curies":[{"name":"wp","href":"https:\/\/api.w.org\/{rel}","templated":true}]}}