{"id":586,"date":"2014-11-28T14:35:29","date_gmt":"2014-11-28T19:35:29","guid":{"rendered":"https:\/\/www.bve.ulaval.ca\/?page_id=586"},"modified":"2025-05-01T11:43:27","modified_gmt":"2025-05-01T15:43:27","slug":"montreal-trudeau-airport","status":"publish","type":"page","link":"https:\/\/www.bve.ulaval.ca\/en\/international-students\/arrival-welcoming-services-and-settle-in-quebec-city\/airports-services\/montreal-trudeau-airport\/","title":{"rendered":"Montr\u00e9al-Trudeau Airport"},"content":{"rendered":"\r\n<p><span style=\"font-size: inherit;\"><div style=\"display:none;visibility:hidden\"><\/span>[boite_bleue]\r\n<h6>Important<\/h6>\r\n<p>Before planning your trip to Canada, make sure you meet the requirements to be allowed to travel to Canada. Have a close look at the \u201c<a href=\"https:\/\/www.ulaval.ca\/en\/international\/immigration\/travelling-to-canada-and-clearing-canadian-customs\" target=\"_blank\" rel=\"noopener\">Travelling to Canada and clearing Canadian customs<\/a>\u201d page to get all the information you need for your trip to Canada.<\/p>\r\n<p><span style=\"font-size: inherit;\">[\/boite_bleue]\u00a0<\/span><\/p>\r\n<p>When you arrive at Montr\u00e9al Pierre Elliott Trudeau International Airport, you won\u2019t be able to use public transportation to get to where you will be quarantining (if you have to quarantine). Also, only <a href=\"https:\/\/travel.gc.ca\/travel-covid\/travel-restrictions\/covid-vaccinated-travellers-entering-canada?_ga=2.234150174.147640288.1637706969-1914322177.1624920284#determine-fully\" target=\"_blank\" rel=\"noopener\">fully vaccinated<\/a> travelers are allowed to take connecting flights and VIA Rail and Rocky Mountaineer trains. However, anyone can still use intercity buses or private transportation (taxi, shuttle service some hotels offer, or private car). If you use a private car, the driver of the vehicle must live where you are quarantining. Otherwise, you will have to use other means of transportation.<\/p>\r\n<p>See the Montr\u00e9al Pierre Elliott Trudeau International Airport\u2019s \u201c<a href=\"https:\/\/www.admtl.com\/en\/access\" target=\"_blank\" rel=\"noopener\">Parking &amp; Transport<\/a>\u201d page for contact information for the different services available.<\/p>\r\n<p>&nbsp;<\/p>\r\n<p>If you arrive in Canada via Montr\u00e9al-Trudeau Airport, reception services are available for you through Accueil Plus. Visit their website for more information.\u00a0<\/p>\r\n<h2>Accueil Plus Service<\/h2>\r\n<p>At the Montreal airport, the Canadien Bureau for International Education is providing <strong>international students who will be starting in the winter 2025 semester<\/strong> the <a href=\"https:\/\/www.accueilplus.ca\/a-propos\/?lang=en\" target=\"_blank\" rel=\"noopener\">Accueil Plus<\/a> service. This service is beneficial to you because it offers you additional information sessions on arriving and living in Quebec and a more personalized orientation when you arrive.<\/p>\r\n<p>The service will be available between Saturday, December 28 2024 and Sunday, January 12 2025 inclusively.<\/p>\r\n<p><strong>Registration is mandatory<\/strong> and must be done <a href=\"https:\/\/www.accueilplus.ca\/inscription\/?lang=en\" target=\"_blank\" rel=\"noopener\">online<\/a>.<br \/><br \/><a href=\"https:\/\/www.bve.ulaval.ca\/wp-content\/uploads\/2024\/10\/bci_accueil-plus_bandeau-infolettre_2025.png\"><img loading=\"lazy\" decoding=\"async\" class=\"alignnone wp-image-168908 size-full\" src=\"https:\/\/www.bve.ulaval.ca\/wp-content\/uploads\/2024\/10\/bci_accueil-plus_bandeau-infolettre_2025.png\" alt=\"\" width=\"4000\" height=\"959\" srcset=\"https:\/\/www.bve.ulaval.ca\/wp-content\/uploads\/2024\/10\/bci_accueil-plus_bandeau-infolettre_2025.png 4000w, https:\/\/www.bve.ulaval.ca\/wp-content\/uploads\/2024\/10\/bci_accueil-plus_bandeau-infolettre_2025-250x60.png 250w, https:\/\/www.bve.ulaval.ca\/wp-content\/uploads\/2024\/10\/bci_accueil-plus_bandeau-infolettre_2025-700x168.png 700w, https:\/\/www.bve.ulaval.ca\/wp-content\/uploads\/2024\/10\/bci_accueil-plus_bandeau-infolettre_2025-768x184.png 768w, https:\/\/www.bve.ulaval.ca\/wp-content\/uploads\/2024\/10\/bci_accueil-plus_bandeau-infolettre_2025-1536x368.png 1536w, https:\/\/www.bve.ulaval.ca\/wp-content\/uploads\/2024\/10\/bci_accueil-plus_bandeau-infolettre_2025-2048x491.png 2048w, https:\/\/www.bve.ulaval.ca\/wp-content\/uploads\/2024\/10\/bci_accueil-plus_bandeau-infolettre_2025-120x29.png 120w, https:\/\/www.bve.ulaval.ca\/wp-content\/uploads\/2024\/10\/bci_accueil-plus_bandeau-infolettre_2025-1320x316.png 1320w\" sizes=\"auto, (max-width: 4000px) 100vw, 4000px\" \/><\/a><\/p>\r\n<h3>Reception booth<\/h3>\r\n<p><a href=\"https:\/\/www.accueilplus.ca\/kiosque\/?lang=en\" target=\"_blank\" rel=\"noopener\">Accueil Plus<\/a> agents are waiting for you in the in the offices of the Immigration Qu\u00e9bec (MIFI) located <a href=\"https:\/\/www.facebook.com\/AccueilPlus\/videos\/489924527314077\" target=\"_blank\" rel=\"noopener\">towards the end of the restricted area<\/a>.\u00a0<\/p>\r\n<h3>Information Webinars<\/h3>\r\n<p>By participating in Accueil plus&#8217; virtual information sessions, you will benefit from essential information to prepare for your arrival and installation in Quebec City. In addition, experienced agents will take the time to answer your questions. You will then be given the information guide presented, as well as various documents useful for your integration.<\/p>\r\n<p>To register for the webinars, choose the date and time that suits you, open the registration link and register for the online session. Once you have registered, a confirmation email and a Teams link will be sent to you to access the selected information session.<\/p>\r\n<p><strong>You must register 48 hours prior to the session. Sessions are offered only in French.<\/strong><\/p>\r\n<ul style=\"list-style-type: disc;\">\r\n<li><a href=\"https:\/\/events.teams.microsoft.com\/event\/42508d48-cb7f-4559-8c24-a143fd0f9c11@2c486899-fbbf-4ad8-b7b6-fea4ecd179e6\" target=\"_blank\" rel=\"noopener\">Monday, December 16 at 11:30 am<\/a><\/li>\r\n<li><a href=\"https:\/\/events.teams.microsoft.com\/event\/61888a01-c178-478b-8a4d-c849315964dc@2c486899-fbbf-4ad8-b7b6-fea4ecd179e6\" target=\"_blank\" rel=\"noopener\">Sunday, December 22 at 10:30 am<\/a><\/li>\r\n<\/ul>\r\n<p><span style=\"font-size: inherit;\"><\/div><\/span><\/p>\r\n<div style=\"display:none;visibility:hidden\">\r\n<p>The <a href=\"http:\/\/www.accueilplus.ca\/?lang=en\" target=\"_blank\" rel=\"noopener noreferrer\">Accueil Plus<\/a> Service aim is to facilitate the process with customs and immigration services and shorten the waiting time at the border for international students who are provided with a study permit at their arrival at Montr\u00e9al-Trudeau Airport. International students submit their travel information to Accueil Plus and the collected data is then passed on to the service\u2019s partners to facilitate their arrival. <strong>The Accueil Plus services is only offered for the fall semester.<\/strong> There are no welcoming service at Montr\u00e9al-Trudeau in January.<\/p>\r\n<p>&nbsp;<\/p>\r\n<p><a href=\"https:\/\/www.bve.ulaval.ca\/wp-content\/uploads\/2019\/06\/accueil_plus_english_2019.jpg\"><img loading=\"lazy\" decoding=\"async\" class=\"alignnone wp-image-143957 size-full\" src=\"https:\/\/www.bve.ulaval.ca\/wp-content\/uploads\/2019\/06\/accueil_plus_english_2019.jpg\" alt=\"\" width=\"728\" height=\"287\" srcset=\"https:\/\/www.bve.ulaval.ca\/wp-content\/uploads\/2019\/06\/accueil_plus_english_2019.jpg 728w, https:\/\/www.bve.ulaval.ca\/wp-content\/uploads\/2019\/06\/accueil_plus_english_2019-250x99.jpg 250w, https:\/\/www.bve.ulaval.ca\/wp-content\/uploads\/2019\/06\/accueil_plus_english_2019-700x276.jpg 700w, https:\/\/www.bve.ulaval.ca\/wp-content\/uploads\/2019\/06\/accueil_plus_english_2019-600x237.jpg 600w, https:\/\/www.bve.ulaval.ca\/wp-content\/uploads\/2019\/06\/accueil_plus_english_2019-120x47.jpg 120w\" sizes=\"auto, (max-width: 728px) 100vw, 728px\" \/><\/a><\/p>\r\n<h3>Reception booth<\/h3>\r\n<p>A reception booth is located in the international arrivals at the airport<strong> from Tuesday August 6<sup>th<\/sup> to Thursday September 5<sup>th<\/sup> 2019<\/strong>. It will be open from 10 a.m. to midnight (12 a.m.). There, you will get information on Montreal and on how to get to Quebec City. You will also have access to an internet connection and a phone free of charge.<\/p>\r\n<p><iframe loading=\"lazy\" title=\"Enjoy streamlined procedures with Welcome Plus\" src=\"https:\/\/player.vimeo.com\/video\/280385891?dnt=1&amp;app_id=122963\" width=\"500\" height=\"281\" frameborder=\"0\" allow=\"autoplay; fullscreen; picture-in-picture; clipboard-write; encrypted-media\"><\/iframe><\/p>\r\n<\/div>\r\n<h2>How to get to Qu\u00e9bec from Montreal<\/h2>\r\n<div style=\"display:none;visibility:hidden\">If you arrive in Canada via Montr\u00e9al-Trudeau Airport, reception services are available for you through <a href=\"http:\/\/www.accueilplus.ca\/?lang=en\" target=\"_blank\" rel=\"noopener noreferrer\">Accueil Plus<\/a> during fall semester.<\/p>\r\n<p>This service aim is to facilitate the process with customs and immigration services and shorten the waiting time at the border for international students who are provided with a study permit at their arrival at Montr\u00e9al-Trudeau Airport. You should <a href=\"http:\/\/www.accueilplus.ca\/inscription\/?lang=en\" target=\"_blank\" rel=\"noopener noreferrer\">register online<\/a>.<\/p>\r\n<p>A reception booth is located in the international arrivals at the airport. There, you will get information on Montreal and on how to get to Quebec City. You will also have access to an internet connection and a phone free of charge.<\/div>\r\n<p>When you arrive at Montr\u00e9al Pierre Elliott Trudeau International Airport, you can take the bus or train to Universit\u00e9 Laval. There are 2 bus terminals and 2 train stations in Quebec City. They both have a location downtown and in Sainte-Foy, closer to the university. If you&#8217;re travelling directly to Universit\u00e9 Laval or the surrounding area, it&#8217;s best to select the Sainte-Foy station option.<\/p>\r\n<h3>Directly from Montr\u00e9al-Trudeau International Airport<\/h3>\r\n<p>The <a href=\"http:\/\/www.orleansexpress.com\/en\/\" target=\"_blank\" rel=\"noopener\">Orleans Express<\/a> bus company offers 2 daily departures to Quebec City and Sainte-Foy from the international flight arrival terminal at Montreal-Trudeau airport. You can purchase your ticket online.<\/p>\r\n<p>You can take a Montreal city bus, the <a title=\"747 Express\" href=\"http:\/\/www.admtl.com\/en\/access\/transports\/buses-747-express\" target=\"_blank\" rel=\"noopener noreferrer\">747 Express<\/a>, from the airport to downtown Montreal. It makes eight stops including one at Gare d&#8217;autocars de Montreal and another at Ren\u00e9-L\u00e9vesque and Mansfield near Montreal&#8217;s Central Station (VIA Rail Canada, train).<\/p>\r\n<p>See the Montr\u00e9al Pierre Elliott Trudeau International Airport\u2019s \u201c<a href=\"https:\/\/www.admtl.com\/en\/access\" target=\"_blank\" rel=\"noopener\">Parking &amp; Transport<\/a>\u201d page for contact information for the different services available.<\/p>\r\n<h3>From downtown Montreal<\/h3>\r\n<p>From Gare d&#8217;autocars de Montreal, you can take an <a title=\"Orl\u00e9ans Express\" href=\"http:\/\/www.orleansexpress.com\/en\/\" target=\"_blank\" rel=\"noopener noreferrer\">Orl\u00e9ans Express<\/a> bus to Qu\u00e9bec City or Sainte-Foy (closer to university). There are departures every day between 7am and 8pm .<\/p>\r\n<p>From Montreal&#8217;s Central Station, <a title=\"Via Rail Canada\" href=\"http:\/\/www.viarail.ca\/en\" target=\"_blank\" rel=\"noopener noreferrer\">Via Rail <\/a>Canada offers departures daily for Quebec City and Sainte-Foy.<\/p>\r\n<h3>From the Sainte-Foy bus terminal and train station to the Universit\u00e9 Laval campus<\/h3>\r\n<p>From the Sainte-Foy <strong>bus terminal<\/strong>, you can take a taxi to Universit\u00e9 Laval for about $12. The city bus is another option. We suggest the <a title=\"Public transport RTC\" href=\"https:\/\/www.rtcquebec.ca\/en\" target=\"_blank\" rel=\"noopener noreferrer\">M\u00e9trobus 800 or 801<\/a>. You can buy city bus tickets at the Ste-Foy bus terminal convenience store or the mobile app <a href=\"https:\/\/www.rtcquebec.ca\/en\/rates-and-purchase\/purchase-and-points-sale\/rtc-nomade-paiement\" target=\"_blank\" rel=\"noopener\">RTC Nomade<\/a>. Travel time is about 10 minutes.<\/p>\r\n<p>From the Sainte-Foy <strong>train station<\/strong>, taxi fare to Universit\u00e9 Laval is about $15.<\/p>\r\n<p><\/p>","protected":false},"excerpt":{"rendered":"<p>How to get to Qu\u00e9bec from Montreal When you arrive at Montr\u00e9al Pierre Elliott Trudeau International Airport, you can take the bus or train to Universit\u00e9 Laval. There are 2 bus terminals and 2 train stations in Quebec City. They both have a location downtown and in Sainte-Foy, closer to the university. If you&#8217;re travelling [&hellip;]<\/p>\n","protected":false},"author":7,"featured_media":0,"parent":523,"menu_order":2,"comment_status":"closed","ping_status":"closed","template":"page-newcss.php","meta":{"_acf_changed":false,"footnotes":""},"class_list":["post-586","page","type-page","status-publish","hentry"],"acf":[],"yoast_head":"<!-- This site is optimized with the Yoast SEO plugin v27.3 - https:\/\/yoast.com\/product\/yoast-seo-wordpress\/ -->\n<title>Montr\u00e9al-Trudeau Airport | Bureau de la vie \u00e9tudiante<\/title>\n<meta name=\"description\" content=\"Arrival in Canada via Montr\u00e9al-Trudeau Airport. Accueil Plus Service aim is to facilitate the process with customs and immigration services. Reception booth\" \/>\n<meta name=\"robots\" content=\"index, follow, max-snippet:-1, max-image-preview:large, max-video-preview:-1\" \/>\n<link rel=\"canonical\" href=\"https:\/\/www.bve.ulaval.ca\/en\/international-students\/arrival-welcoming-services-and-settle-in-quebec-city\/airports-services\/montreal-trudeau-airport\/\" \/>\n<meta property=\"og:locale\" content=\"en_US\" \/>\n<meta property=\"og:type\" content=\"article\" \/>\n<meta property=\"og:title\" content=\"Montr\u00e9al-Trudeau Airport | Bureau de la vie \u00e9tudiante\" \/>\n<meta property=\"og:description\" content=\"Arrival in Canada via Montr\u00e9al-Trudeau Airport. Accueil Plus Service aim is to facilitate the process with customs and immigration services. Reception booth\" \/>\n<meta property=\"og:url\" content=\"https:\/\/www.bve.ulaval.ca\/en\/international-students\/arrival-welcoming-services-and-settle-in-quebec-city\/airports-services\/montreal-trudeau-airport\/\" \/>\n<meta property=\"og:site_name\" content=\"Bureau de la vie \u00e9tudiante\" \/>\n<meta property=\"article:publisher\" content=\"https:\/\/www.facebook.com\/BVEvieetudiante\" \/>\n<meta property=\"article:modified_time\" content=\"2025-05-01T15:43:27+00:00\" \/>\n<meta property=\"og:image\" content=\"https:\/\/www.bve.ulaval.ca\/wp-content\/uploads\/2024\/10\/bci_accueil-plus_bandeau-infolettre_2025.png\" \/>\n\t<meta property=\"og:image:width\" content=\"4000\" \/>\n\t<meta property=\"og:image:height\" content=\"959\" \/>\n\t<meta property=\"og:image:type\" content=\"image\/png\" \/>\n<meta name=\"twitter:label1\" content=\"Est. reading time\" \/>\n\t<meta name=\"twitter:data1\" content=\"6 minutes\" \/>\n<script type=\"application\/ld+json\" class=\"yoast-schema-graph\">{\"@context\":\"https:\\\/\\\/schema.org\",\"@graph\":[{\"@type\":\"WebPage\",\"@id\":\"https:\\\/\\\/www.bve.ulaval.ca\\\/en\\\/international-students\\\/arrival-welcoming-services-and-settle-in-quebec-city\\\/airports-services\\\/montreal-trudeau-airport\\\/\",\"url\":\"https:\\\/\\\/www.bve.ulaval.ca\\\/en\\\/international-students\\\/arrival-welcoming-services-and-settle-in-quebec-city\\\/airports-services\\\/montreal-trudeau-airport\\\/\",\"name\":\"Montr\u00e9al-Trudeau Airport | Bureau de la vie \u00e9tudiante\",\"isPartOf\":{\"@id\":\"https:\\\/\\\/www.bve.ulaval.ca\\\/en\\\/#website\"},\"primaryImageOfPage\":{\"@id\":\"https:\\\/\\\/www.bve.ulaval.ca\\\/en\\\/international-students\\\/arrival-welcoming-services-and-settle-in-quebec-city\\\/airports-services\\\/montreal-trudeau-airport\\\/#primaryimage\"},\"image\":{\"@id\":\"https:\\\/\\\/www.bve.ulaval.ca\\\/en\\\/international-students\\\/arrival-welcoming-services-and-settle-in-quebec-city\\\/airports-services\\\/montreal-trudeau-airport\\\/#primaryimage\"},\"thumbnailUrl\":\"https:\\\/\\\/www.bve.ulaval.ca\\\/wp-content\\\/uploads\\\/2024\\\/10\\\/bci_accueil-plus_bandeau-infolettre_2025.png\",\"datePublished\":\"2014-11-28T19:35:29+00:00\",\"dateModified\":\"2025-05-01T15:43:27+00:00\",\"description\":\"Arrival in Canada via Montr\u00e9al-Trudeau Airport. Accueil Plus Service aim is to facilitate the process with customs and immigration services. Reception booth\",\"breadcrumb\":{\"@id\":\"https:\\\/\\\/www.bve.ulaval.ca\\\/en\\\/international-students\\\/arrival-welcoming-services-and-settle-in-quebec-city\\\/airports-services\\\/montreal-trudeau-airport\\\/#breadcrumb\"},\"inLanguage\":\"en-US\",\"potentialAction\":[{\"@type\":\"ReadAction\",\"target\":[\"https:\\\/\\\/www.bve.ulaval.ca\\\/en\\\/international-students\\\/arrival-welcoming-services-and-settle-in-quebec-city\\\/airports-services\\\/montreal-trudeau-airport\\\/\"]}]},{\"@type\":\"ImageObject\",\"inLanguage\":\"en-US\",\"@id\":\"https:\\\/\\\/www.bve.ulaval.ca\\\/en\\\/international-students\\\/arrival-welcoming-services-and-settle-in-quebec-city\\\/airports-services\\\/montreal-trudeau-airport\\\/#primaryimage\",\"url\":\"https:\\\/\\\/www.bve.ulaval.ca\\\/wp-content\\\/uploads\\\/2024\\\/10\\\/bci_accueil-plus_bandeau-infolettre_2025.png\",\"contentUrl\":\"https:\\\/\\\/www.bve.ulaval.ca\\\/wp-content\\\/uploads\\\/2024\\\/10\\\/bci_accueil-plus_bandeau-infolettre_2025.png\"},{\"@type\":\"BreadcrumbList\",\"@id\":\"https:\\\/\\\/www.bve.ulaval.ca\\\/en\\\/international-students\\\/arrival-welcoming-services-and-settle-in-quebec-city\\\/airports-services\\\/montreal-trudeau-airport\\\/#breadcrumb\",\"itemListElement\":[{\"@type\":\"ListItem\",\"position\":1,\"name\":\"Accueil\",\"item\":\"https:\\\/\\\/www.bve.ulaval.ca\\\/en\\\/\"},{\"@type\":\"ListItem\",\"position\":2,\"name\":\"International Students\",\"item\":\"https:\\\/\\\/www.bve.ulaval.ca\\\/en\\\/international-students\\\/\"},{\"@type\":\"ListItem\",\"position\":3,\"name\":\"Arrival, welcoming services and settle in Qu\u00e9bec City\",\"item\":\"https:\\\/\\\/www.bve.ulaval.ca\\\/en\\\/international-students\\\/arrival-welcoming-services-and-settle-in-quebec-city\\\/\"},{\"@type\":\"ListItem\",\"position\":4,\"name\":\"Airports Services\",\"item\":\"https:\\\/\\\/www.bve.ulaval.ca\\\/en\\\/international-students\\\/arrival-welcoming-services-and-settle-in-quebec-city\\\/airports-services\\\/\"},{\"@type\":\"ListItem\",\"position\":5,\"name\":\"Montr\u00e9al-Trudeau Airport\"}]},{\"@type\":\"WebSite\",\"@id\":\"https:\\\/\\\/www.bve.ulaval.ca\\\/en\\\/#website\",\"url\":\"https:\\\/\\\/www.bve.ulaval.ca\\\/en\\\/\",\"name\":\"Bureau de la vie \u00e9tudiante\",\"description\":\"Universit\u00e9 Laval\",\"potentialAction\":[{\"@type\":\"SearchAction\",\"target\":{\"@type\":\"EntryPoint\",\"urlTemplate\":\"https:\\\/\\\/www.bve.ulaval.ca\\\/en\\\/?s={search_term_string}\"},\"query-input\":{\"@type\":\"PropertyValueSpecification\",\"valueRequired\":true,\"valueName\":\"search_term_string\"}}],\"inLanguage\":\"en-US\"}]}<\/script>\n<!-- \/ Yoast SEO plugin. -->","yoast_head_json":{"title":"Montr\u00e9al-Trudeau Airport | Bureau de la vie \u00e9tudiante","description":"Arrival in Canada via Montr\u00e9al-Trudeau Airport. Accueil Plus Service aim is to facilitate the process with customs and immigration services. Reception booth","robots":{"index":"index","follow":"follow","max-snippet":"max-snippet:-1","max-image-preview":"max-image-preview:large","max-video-preview":"max-video-preview:-1"},"canonical":"https:\/\/www.bve.ulaval.ca\/en\/international-students\/arrival-welcoming-services-and-settle-in-quebec-city\/airports-services\/montreal-trudeau-airport\/","og_locale":"en_US","og_type":"article","og_title":"Montr\u00e9al-Trudeau Airport | Bureau de la vie \u00e9tudiante","og_description":"Arrival in Canada via Montr\u00e9al-Trudeau Airport. Accueil Plus Service aim is to facilitate the process with customs and immigration services. Reception booth","og_url":"https:\/\/www.bve.ulaval.ca\/en\/international-students\/arrival-welcoming-services-and-settle-in-quebec-city\/airports-services\/montreal-trudeau-airport\/","og_site_name":"Bureau de la vie \u00e9tudiante","article_publisher":"https:\/\/www.facebook.com\/BVEvieetudiante","article_modified_time":"2025-05-01T15:43:27+00:00","og_image":[{"width":4000,"height":959,"url":"https:\/\/www.bve.ulaval.ca\/wp-content\/uploads\/2024\/10\/bci_accueil-plus_bandeau-infolettre_2025.png","type":"image\/png"}],"twitter_misc":{"Est. reading time":"6 minutes"},"schema":{"@context":"https:\/\/schema.org","@graph":[{"@type":"WebPage","@id":"https:\/\/www.bve.ulaval.ca\/en\/international-students\/arrival-welcoming-services-and-settle-in-quebec-city\/airports-services\/montreal-trudeau-airport\/","url":"https:\/\/www.bve.ulaval.ca\/en\/international-students\/arrival-welcoming-services-and-settle-in-quebec-city\/airports-services\/montreal-trudeau-airport\/","name":"Montr\u00e9al-Trudeau Airport | Bureau de la vie \u00e9tudiante","isPartOf":{"@id":"https:\/\/www.bve.ulaval.ca\/en\/#website"},"primaryImageOfPage":{"@id":"https:\/\/www.bve.ulaval.ca\/en\/international-students\/arrival-welcoming-services-and-settle-in-quebec-city\/airports-services\/montreal-trudeau-airport\/#primaryimage"},"image":{"@id":"https:\/\/www.bve.ulaval.ca\/en\/international-students\/arrival-welcoming-services-and-settle-in-quebec-city\/airports-services\/montreal-trudeau-airport\/#primaryimage"},"thumbnailUrl":"https:\/\/www.bve.ulaval.ca\/wp-content\/uploads\/2024\/10\/bci_accueil-plus_bandeau-infolettre_2025.png","datePublished":"2014-11-28T19:35:29+00:00","dateModified":"2025-05-01T15:43:27+00:00","description":"Arrival in Canada via Montr\u00e9al-Trudeau Airport. Accueil Plus Service aim is to facilitate the process with customs and immigration services. Reception booth","breadcrumb":{"@id":"https:\/\/www.bve.ulaval.ca\/en\/international-students\/arrival-welcoming-services-and-settle-in-quebec-city\/airports-services\/montreal-trudeau-airport\/#breadcrumb"},"inLanguage":"en-US","potentialAction":[{"@type":"ReadAction","target":["https:\/\/www.bve.ulaval.ca\/en\/international-students\/arrival-welcoming-services-and-settle-in-quebec-city\/airports-services\/montreal-trudeau-airport\/"]}]},{"@type":"ImageObject","inLanguage":"en-US","@id":"https:\/\/www.bve.ulaval.ca\/en\/international-students\/arrival-welcoming-services-and-settle-in-quebec-city\/airports-services\/montreal-trudeau-airport\/#primaryimage","url":"https:\/\/www.bve.ulaval.ca\/wp-content\/uploads\/2024\/10\/bci_accueil-plus_bandeau-infolettre_2025.png","contentUrl":"https:\/\/www.bve.ulaval.ca\/wp-content\/uploads\/2024\/10\/bci_accueil-plus_bandeau-infolettre_2025.png"},{"@type":"BreadcrumbList","@id":"https:\/\/www.bve.ulaval.ca\/en\/international-students\/arrival-welcoming-services-and-settle-in-quebec-city\/airports-services\/montreal-trudeau-airport\/#breadcrumb","itemListElement":[{"@type":"ListItem","position":1,"name":"Accueil","item":"https:\/\/www.bve.ulaval.ca\/en\/"},{"@type":"ListItem","position":2,"name":"International Students","item":"https:\/\/www.bve.ulaval.ca\/en\/international-students\/"},{"@type":"ListItem","position":3,"name":"Arrival, welcoming services and settle in Qu\u00e9bec City","item":"https:\/\/www.bve.ulaval.ca\/en\/international-students\/arrival-welcoming-services-and-settle-in-quebec-city\/"},{"@type":"ListItem","position":4,"name":"Airports Services","item":"https:\/\/www.bve.ulaval.ca\/en\/international-students\/arrival-welcoming-services-and-settle-in-quebec-city\/airports-services\/"},{"@type":"ListItem","position":5,"name":"Montr\u00e9al-Trudeau Airport"}]},{"@type":"WebSite","@id":"https:\/\/www.bve.ulaval.ca\/en\/#website","url":"https:\/\/www.bve.ulaval.ca\/en\/","name":"Bureau de la vie \u00e9tudiante","description":"Universit\u00e9 Laval","potentialAction":[{"@type":"SearchAction","target":{"@type":"EntryPoint","urlTemplate":"https:\/\/www.bve.ulaval.ca\/en\/?s={search_term_string}"},"query-input":{"@type":"PropertyValueSpecification","valueRequired":true,"valueName":"search_term_string"}}],"inLanguage":"en-US"}]}},"_links":{"self":[{"href":"https:\/\/www.bve.ulaval.ca\/en\/wp-json\/wp\/v2\/pages\/586","targetHints":{"allow":["GET"]}}],"collection":[{"href":"https:\/\/www.bve.ulaval.ca\/en\/wp-json\/wp\/v2\/pages"}],"about":[{"href":"https:\/\/www.bve.ulaval.ca\/en\/wp-json\/wp\/v2\/types\/page"}],"author":[{"embeddable":true,"href":"https:\/\/www.bve.ulaval.ca\/en\/wp-json\/wp\/v2\/users\/7"}],"replies":[{"embeddable":true,"href":"https:\/\/www.bve.ulaval.ca\/en\/wp-json\/wp\/v2\/comments?post=586"}],"version-history":[{"count":0,"href":"https:\/\/www.bve.ulaval.ca\/en\/wp-json\/wp\/v2\/pages\/586\/revisions"}],"up":[{"embeddable":true,"href":"https:\/\/www.bve.ulaval.ca\/en\/wp-json\/wp\/v2\/pages\/523"}],"wp:attachment":[{"href":"https:\/\/www.bve.ulaval.ca\/en\/wp-json\/wp\/v2\/media?parent=586"}],"curies":[{"name":"wp","href":"https:\/\/api.w.org\/{rel}","templated":true}]}}