{"id":592,"date":"2014-11-28T15:15:44","date_gmt":"2014-11-28T20:15:44","guid":{"rendered":"https:\/\/www.bve.ulaval.ca\/?page_id=592"},"modified":"2026-02-09T10:27:45","modified_gmt":"2026-02-09T15:27:45","slug":"discover-quebec-activity-program","status":"publish","type":"page","link":"https:\/\/www.bve.ulaval.ca\/en\/international-students\/discover-quebec-activity-program\/","title":{"rendered":"Discover Qu\u00e9bec Activity Program"},"content":{"rendered":"<p>Bureau de la vie \u00e9tudiante hosts a variety of activities to introduce international students to Qu\u00e9bec and Qu\u00e9bec culture and help them settle in.<\/p>\n<p>There is a registration fee for these off-campus activities, which include return transportation departing from Universit\u00e9 Laval. Participants should see the <a href=\"#waiver\">liability waiver<\/a> for these activities.<\/p>\n<p>In the event of bad weather, certain activities may be postponed or cancelled. A notice to this effect will be posted on this Internet page and emailed to those on the <a href=\"#list\">D\u00e9cou-Qu\u00e9bec mailing list<\/a>.<\/p>\n<h2><span class=\"color\">Schedule 2025-2026<\/span><\/h2>\n<div style=\"display:none;visibility:hidden\">\n[accordeon_titre]<\/p>\n<h3>Summer<\/h3>\n<p>[\/accordeon_titre]\n[accordeon_contenu]<\/p>\n<h3>June 2025<\/h3>\n<p><strong>Canoe trip on the Saint-Charles River<br \/>\n<\/strong><a href=\"https:\/\/thepointofsale.com\/tickets\/bve250607001\" target=\"_blank\" rel=\"noopener\">Saturday, June 7<\/a><\/p>\n<p><strong>Strawberry picking<br \/>\n<\/strong><a href=\"https:\/\/thepointofsale.com\/tickets\/bve250627001\" target=\"_blank\" rel=\"noopener\">Friday, June 27<\/a><\/p>\n<h3>July 2025<\/h3>\n<p><strong>Canoe trip on the Saint-Charles River<\/strong><br \/>\n<a href=\"https:\/\/thepointofsale.com\/tickets\/bve250706001\" target=\"_blank\" rel=\"noopener\">Sunday, July 6<\/a><\/p>\n<p><strong>Water slides at Village Vacances Valcartier<\/strong><br \/>\n<del>Sunday, July 13<\/del> <span style=\"color: #ff0000;\"><strong>CANCELED\u00a0<\/strong><\/span><\/p>\n<p><strong>Blueberry picking<\/strong><br \/>\n<del>Friday, July 25<\/del> <span style=\"color: #ff0000;\"><strong>CANCELED\u00a0<\/strong><\/span><\/p>\n<p>[\/accordeon_contenu]\n<\/div>\n<div class=\"accordion-title\">\n<h3>Fall<\/h3>\n<\/div>\n<div class=\"accordion-content\">\n<h3>August 2025<\/h3>\n<p><strong>Canoe trip on the Saint-Charles River<br \/>\n<\/strong><a href=\"https:\/\/thepointofsale.com\/tickets\/bve250830004\">Saturday, August 30<\/a><\/p>\n<p><strong>Hiking in Jacques-Cartier National Park<\/strong><strong><br \/>\n<\/strong><a href=\"https:\/\/thepointofsale.com\/tickets\/bve250831005\">Sunday, August 31<\/a><\/p>\n<h3>September 2025<\/h3>\n<p><strong>Canoe trip on the Saint-Charles River<br \/>\n<\/strong><a href=\"https:\/\/thepointofsale.com\/tickets\/bve250906001\">Saturday, September 6<\/a><\/p>\n<p><strong>Hiking in Jacques-Cartier National Park<\/strong><strong><br \/>\n<\/strong><a href=\"https:\/\/thepointofsale.com\/tickets\/bve250907001\" target=\"_blank\" rel=\"noopener\">Sunday, September 7<\/a><\/p>\n<p><strong>Apple picking at Ile d\u2019Orl\u00e9ans<br \/>\n<\/strong><a href=\"https:\/\/thepointofsale.com\/tickets\/bve250913001\" target=\"_blank\" rel=\"noopener\">Saturday, September 13<\/a><br \/>\n<a href=\"https:\/\/thepointofsale.com\/tickets\/bve250914001\" target=\"_blank\" rel=\"noopener\">Sunday, September 14<\/a><\/p>\n<p><strong>Guided walking tour of Old Quebec<br \/>\n<\/strong><a href=\"https:\/\/thepointofsale.com\/tickets\/bve250920001\" target=\"_blank\" rel=\"noopener\">Saturday, September 20<\/a><\/p>\n<p><strong>Cruise and guided tour of Grosse-\u00cele<br \/>\n<\/strong><a href=\"https:\/\/thepointofsale.com\/tickets\/bve250921001\" target=\"_blank\" rel=\"noopener\">Sunday, September 21<\/a><strong><br \/>\n<\/strong><\/p>\n<p><strong>Great Color Adventure at Mont-Sainte-Anne<br \/>\n<\/strong><a href=\"https:\/\/thepointofsale.com\/tickets\/bve250928001\" target=\"_blank\" rel=\"noopener\">Sunday, September 28<\/a><\/p>\n<h3>October 2025<\/h3>\n<p><strong>Hiking and snow geese watching at the Cap Tourmente National Wildlife Area<\/strong><br \/>\n<a href=\"https:\/\/thepointofsale.com\/tickets\/bve251004001\" target=\"_blank\" rel=\"noopener\">Saturday, October 4<\/a><\/p>\n<p><strong>Hiking in Jacques-Cartier National Park<\/strong><br \/>\n<a href=\"https:\/\/thepointofsale.com\/tickets\/bve251011001\" target=\"_blank\" rel=\"noopener\">Saturday, October 11<\/a><\/p>\n<h3>November 2025<\/h3>\n<p><strong>An evening at the Sugar Shack<br \/>\n<\/strong><a href=\"https:\/\/thepointofsale.com\/tickets\/bve251120001\" target=\"_blank\" rel=\"noopener\">Thursday, November 20<\/a><\/p>\n<h3>December 2025<\/h3>\n<p><strong>Snowshoes winter hiking in Jacques-Cartier National Park<\/strong><br \/>\n<a href=\"https:\/\/thepointofsale.com\/tickets\/bve251213001\" target=\"_blank\" rel=\"noopener\">Saturday, December 13<\/a><br \/>\n<a href=\"https:\/\/thepointofsale.com\/tickets\/bve251214001\" target=\"_blank\" rel=\"noopener\">Sunday, December 14<\/a><br \/>\n<a href=\"https:\/\/thepointofsale.com\/tickets\/bve251220001\" target=\"_blank\" rel=\"noopener\">Saturday, December 20<\/a><\/p>\n<\/div>\n<div class=\"accordion-title\">\n<h3>Winter<\/h3>\n<\/div>\n<div class=\"accordion-content\">\n<h3>January 2026<\/h3>\n<p><strong>Winter hiking in Jacques-Cartier National Park<br \/>\n<\/strong><a href=\"https:\/\/thepointofsale.com\/tickets\/bve260110006?lang=en\" target=\"_blank\" rel=\"noopener\">Saturday, January 10<\/a><br \/>\n<a href=\"https:\/\/thepointofsale.com\/tickets\/bve260111004?lang=en\" target=\"_blank\" rel=\"noopener\">Sunday, January 11<\/a><\/p>\n<p><strong>Guided walking tour of Old Quebec<br \/>\n<\/strong><a href=\"https:\/\/thepointofsale.com\/tickets\/bve260117001?lang=en\" target=\"_blank\" rel=\"noopener\">Saturday, January 17<\/a><\/p>\n<p><strong>Ice Fishing<br \/>\n<\/strong><a href=\"https:\/\/thepointofsale.com\/tickets\/bve260125001?lang=en\" target=\"_blank\" rel=\"noopener\">Sunday, January 25<\/a><\/p>\n<p><strong>Dog sled ride<br \/>\n<\/strong><a href=\"https:\/\/thepointofsale.com\/tickets\/bve260131001?lang=en\" target=\"_blank\" rel=\"noopener\">Saturday, January 31<\/a><\/p>\n<h3>February 2026<\/h3>\n<p><strong>Dog sled ride<br \/>\n<\/strong><a href=\"https:\/\/thepointofsale.com\/tickets\/bve260201001?lang=en\" target=\"_blank\" rel=\"noopener\">Sunday, February 1<\/a><\/p>\n<p><strong>Trail skating at the Great Heron Park<br \/>\n<\/strong><a href=\"https:\/\/thepointofsale.com\/tickets\/bve260206001?lang=en\" target=\"_blank\" rel=\"noopener\">Friday, February 6 (day)<\/a><br \/>\n<a href=\"https:\/\/thepointofsale.com\/tickets\/bve260206002?lang=en\" target=\"_blank\" rel=\"noopener\">Friday, February 6 (evening)<\/a><\/p>\n<p><strong>Guided snowshoe and cross-country skiing tours in Duchesnay<br \/>\n<\/strong><a href=\"https:\/\/thepointofsale.com\/tickets\/bve260208001?lang=en\" target=\"_blank\" rel=\"noopener\">Sunday, February 8<\/a><br \/>\n<a href=\"https:\/\/thepointofsale.com\/tickets\/bve260214001?lang=en\" target=\"_blank\" rel=\"noopener\">Saturday, February 14<\/a><br \/>\n<a href=\"https:\/\/thepointofsale.com\/tickets\/bve260215001?lang=en\" target=\"_blank\" rel=\"noopener\">Sunday, February 15<\/a><\/p>\n<p><strong>Snow sliding at Tewkesbury<br \/>\n<\/strong><a href=\"https:\/\/thepointofsale.com\/tickets\/bve260221001?lang=en\" target=\"_blank\" rel=\"noopener\">Saturday, February 21<\/a><\/p>\n<p><strong>Introduction to cross-country skiing at Base plein air de Ste-Foy<\/strong><br \/>\n<a href=\"https:\/\/thepointofsale.com\/tickets\/bve260222001?lang=en\" target=\"_blank\" rel=\"noopener\">Sunday, February 22<\/a><\/p>\n<h3>March 2026<\/h3>\n<p><strong>Guided Snowshoe Hike in the For\u00eat Montmorency<br \/>\n<\/strong><a href=\"https:\/\/thepointofsale.com\/tickets\/bve260314001?lang=en\" target=\"_blank\" rel=\"noopener\">Saturday, March 14<\/a><\/p>\n<\/div>\n<div style=\"display:none;visibility:hidden\">\n<h3>March 2022<\/h3>\n<h3>April 2022<\/h3>\n<p><strong>Sugar Shack<br \/>\n<\/strong><a href=\"https:\/\/thepointofsale.com\/tickets\/bve220407001\" target=\"_blank\" rel=\"noopener\">Thursday, April 7th<\/a><\/p>\n<p>The discover Quebec activities will be back in September 2021. Schedule to be posted soon!<\/p>\n<p>Click on the link of the activity you want to join to <strong>purchase your ticket online<\/strong>. Tickets are also available at the Bureau de la vie \u00e9tudiante, room ADJ-2344.<\/p>\n<h5><span class=\"color\" style=\"color: #e96f23;\"><a id=\"list\"><\/a>Mailing list<\/span><\/h5>\n<p>Would you like to receive information on Bureau de la vie \u00e9tudiante activities for international students? If so, subscribe to the D\u00e9cou-Qu\u00e9bec list. You\u2019ll receive an email 3 weeks in advance to notify you of any activities that might interest you.<\/p>\n<p>The mailing list also lets you know when activities are cancelled or rescheduled because of bad weather.<\/p>\n<h4>To subscribe<\/h4>\n<ul style=\"list-style-type: disc;\">\n<li>Click on the following link: <a href=\"http:\/\/listes.ulaval.ca\/cgi-bin\/wa?SUBED1=decou-quebec-bve&amp;A=1\" target=\"_blank\" rel=\"noopener noreferrer\">decou-quebec-bve<\/a><\/li>\n<li>Write your name and email address<\/li>\n<li>Click on \u00abS\u2019abonner Decou-Quebec-BVE\u00bb<\/li>\n<li>Go to your mailbox, and click on the link that confirms your registration.<\/li>\n<\/ul>\n<\/div>\n<h2><span class=\"color\"><a id=\"waiver\"><\/a>Important notice<\/span><\/h2>\n<p>Unless otherwise specified by Bureau de la vie \u00e9tudiante, these activities are not considered university activities and are not covered by Universit\u00e9 Laval\u2019s insurance. All participants are responsible for ensuring that they have adequate insurance coverage.<\/p>\n","protected":false},"excerpt":{"rendered":"<p>Bureau de la vie \u00e9tudiante hosts a variety of activities to introduce international students to Qu\u00e9bec and Qu\u00e9bec culture and help them settle in. There is a registration fee for these off-campus activities, which include return transportation departing from Universit\u00e9 Laval. Participants should see the liability waiver for these activities. In the event of bad [&hellip;]<\/p>\n","protected":false},"author":7,"featured_media":0,"parent":373,"menu_order":24,"comment_status":"closed","ping_status":"closed","template":"page-newcss.php","meta":{"_acf_changed":false,"footnotes":""},"class_list":["post-592","page","type-page","status-publish","hentry"],"acf":[],"yoast_head":"<!-- This site is optimized with the Yoast SEO plugin v27.4 - https:\/\/yoast.com\/product\/yoast-seo-wordpress\/ -->\n<title>Discover Qu\u00e9bec Activity Program | Bureau de la vie \u00e9tudiante<\/title>\n<meta name=\"description\" content=\"Discover Qu\u00e9bec and Qu\u00e9bec culture with other international students. Get informed about coming activities with mailing list \u00abD\u00e9cou-Qu\u00e9bec\u00bb.\" \/>\n<meta name=\"robots\" content=\"index, follow, max-snippet:-1, max-image-preview:large, max-video-preview:-1\" \/>\n<link rel=\"canonical\" href=\"https:\/\/www.bve.ulaval.ca\/en\/international-students\/discover-quebec-activity-program\/\" \/>\n<meta property=\"og:locale\" content=\"en_US\" \/>\n<meta property=\"og:type\" content=\"article\" \/>\n<meta property=\"og:title\" content=\"Discover Qu\u00e9bec Activity Program | Bureau de la vie \u00e9tudiante\" \/>\n<meta property=\"og:description\" content=\"Discover Qu\u00e9bec and Qu\u00e9bec culture with other international students. Get informed about coming activities with mailing list \u00abD\u00e9cou-Qu\u00e9bec\u00bb.\" \/>\n<meta property=\"og:url\" content=\"https:\/\/www.bve.ulaval.ca\/en\/international-students\/discover-quebec-activity-program\/\" \/>\n<meta property=\"og:site_name\" content=\"Bureau de la vie \u00e9tudiante\" \/>\n<meta property=\"article:publisher\" content=\"https:\/\/www.facebook.com\/BVEvieetudiante\" \/>\n<meta property=\"article:modified_time\" content=\"2026-02-09T15:27:45+00:00\" \/>\n<meta name=\"twitter:label1\" content=\"Est. reading time\" \/>\n\t<meta name=\"twitter:data1\" content=\"3 minutes\" \/>\n<script type=\"application\/ld+json\" class=\"yoast-schema-graph\">{\"@context\":\"https:\\\/\\\/schema.org\",\"@graph\":[{\"@type\":\"WebPage\",\"@id\":\"https:\\\/\\\/www.bve.ulaval.ca\\\/en\\\/international-students\\\/discover-quebec-activity-program\\\/\",\"url\":\"https:\\\/\\\/www.bve.ulaval.ca\\\/en\\\/international-students\\\/discover-quebec-activity-program\\\/\",\"name\":\"Discover Qu\u00e9bec Activity Program | Bureau de la vie \u00e9tudiante\",\"isPartOf\":{\"@id\":\"https:\\\/\\\/www.bve.ulaval.ca\\\/en\\\/#website\"},\"datePublished\":\"2014-11-28T20:15:44+00:00\",\"dateModified\":\"2026-02-09T15:27:45+00:00\",\"description\":\"Discover Qu\u00e9bec and Qu\u00e9bec culture with other international students. Get informed about coming activities with mailing list \u00abD\u00e9cou-Qu\u00e9bec\u00bb.\",\"breadcrumb\":{\"@id\":\"https:\\\/\\\/www.bve.ulaval.ca\\\/en\\\/international-students\\\/discover-quebec-activity-program\\\/#breadcrumb\"},\"inLanguage\":\"en-US\",\"potentialAction\":[{\"@type\":\"ReadAction\",\"target\":[\"https:\\\/\\\/www.bve.ulaval.ca\\\/en\\\/international-students\\\/discover-quebec-activity-program\\\/\"]}]},{\"@type\":\"BreadcrumbList\",\"@id\":\"https:\\\/\\\/www.bve.ulaval.ca\\\/en\\\/international-students\\\/discover-quebec-activity-program\\\/#breadcrumb\",\"itemListElement\":[{\"@type\":\"ListItem\",\"position\":1,\"name\":\"Accueil\",\"item\":\"https:\\\/\\\/www.bve.ulaval.ca\\\/en\\\/\"},{\"@type\":\"ListItem\",\"position\":2,\"name\":\"International Students\",\"item\":\"https:\\\/\\\/www.bve.ulaval.ca\\\/en\\\/international-students\\\/\"},{\"@type\":\"ListItem\",\"position\":3,\"name\":\"Discover Qu\u00e9bec Activity Program\"}]},{\"@type\":\"WebSite\",\"@id\":\"https:\\\/\\\/www.bve.ulaval.ca\\\/en\\\/#website\",\"url\":\"https:\\\/\\\/www.bve.ulaval.ca\\\/en\\\/\",\"name\":\"Bureau de la vie \u00e9tudiante\",\"description\":\"Universit\u00e9 Laval\",\"potentialAction\":[{\"@type\":\"SearchAction\",\"target\":{\"@type\":\"EntryPoint\",\"urlTemplate\":\"https:\\\/\\\/www.bve.ulaval.ca\\\/en\\\/?s={search_term_string}\"},\"query-input\":{\"@type\":\"PropertyValueSpecification\",\"valueRequired\":true,\"valueName\":\"search_term_string\"}}],\"inLanguage\":\"en-US\"}]}<\/script>\n<!-- \/ Yoast SEO plugin. -->","yoast_head_json":{"title":"Discover Qu\u00e9bec Activity Program | Bureau de la vie \u00e9tudiante","description":"Discover Qu\u00e9bec and Qu\u00e9bec culture with other international students. Get informed about coming activities with mailing list \u00abD\u00e9cou-Qu\u00e9bec\u00bb.","robots":{"index":"index","follow":"follow","max-snippet":"max-snippet:-1","max-image-preview":"max-image-preview:large","max-video-preview":"max-video-preview:-1"},"canonical":"https:\/\/www.bve.ulaval.ca\/en\/international-students\/discover-quebec-activity-program\/","og_locale":"en_US","og_type":"article","og_title":"Discover Qu\u00e9bec Activity Program | Bureau de la vie \u00e9tudiante","og_description":"Discover Qu\u00e9bec and Qu\u00e9bec culture with other international students. Get informed about coming activities with mailing list \u00abD\u00e9cou-Qu\u00e9bec\u00bb.","og_url":"https:\/\/www.bve.ulaval.ca\/en\/international-students\/discover-quebec-activity-program\/","og_site_name":"Bureau de la vie \u00e9tudiante","article_publisher":"https:\/\/www.facebook.com\/BVEvieetudiante","article_modified_time":"2026-02-09T15:27:45+00:00","twitter_misc":{"Est. reading time":"3 minutes"},"schema":{"@context":"https:\/\/schema.org","@graph":[{"@type":"WebPage","@id":"https:\/\/www.bve.ulaval.ca\/en\/international-students\/discover-quebec-activity-program\/","url":"https:\/\/www.bve.ulaval.ca\/en\/international-students\/discover-quebec-activity-program\/","name":"Discover Qu\u00e9bec Activity Program | Bureau de la vie \u00e9tudiante","isPartOf":{"@id":"https:\/\/www.bve.ulaval.ca\/en\/#website"},"datePublished":"2014-11-28T20:15:44+00:00","dateModified":"2026-02-09T15:27:45+00:00","description":"Discover Qu\u00e9bec and Qu\u00e9bec culture with other international students. Get informed about coming activities with mailing list \u00abD\u00e9cou-Qu\u00e9bec\u00bb.","breadcrumb":{"@id":"https:\/\/www.bve.ulaval.ca\/en\/international-students\/discover-quebec-activity-program\/#breadcrumb"},"inLanguage":"en-US","potentialAction":[{"@type":"ReadAction","target":["https:\/\/www.bve.ulaval.ca\/en\/international-students\/discover-quebec-activity-program\/"]}]},{"@type":"BreadcrumbList","@id":"https:\/\/www.bve.ulaval.ca\/en\/international-students\/discover-quebec-activity-program\/#breadcrumb","itemListElement":[{"@type":"ListItem","position":1,"name":"Accueil","item":"https:\/\/www.bve.ulaval.ca\/en\/"},{"@type":"ListItem","position":2,"name":"International Students","item":"https:\/\/www.bve.ulaval.ca\/en\/international-students\/"},{"@type":"ListItem","position":3,"name":"Discover Qu\u00e9bec Activity Program"}]},{"@type":"WebSite","@id":"https:\/\/www.bve.ulaval.ca\/en\/#website","url":"https:\/\/www.bve.ulaval.ca\/en\/","name":"Bureau de la vie \u00e9tudiante","description":"Universit\u00e9 Laval","potentialAction":[{"@type":"SearchAction","target":{"@type":"EntryPoint","urlTemplate":"https:\/\/www.bve.ulaval.ca\/en\/?s={search_term_string}"},"query-input":{"@type":"PropertyValueSpecification","valueRequired":true,"valueName":"search_term_string"}}],"inLanguage":"en-US"}]}},"_links":{"self":[{"href":"https:\/\/www.bve.ulaval.ca\/en\/wp-json\/wp\/v2\/pages\/592","targetHints":{"allow":["GET"]}}],"collection":[{"href":"https:\/\/www.bve.ulaval.ca\/en\/wp-json\/wp\/v2\/pages"}],"about":[{"href":"https:\/\/www.bve.ulaval.ca\/en\/wp-json\/wp\/v2\/types\/page"}],"author":[{"embeddable":true,"href":"https:\/\/www.bve.ulaval.ca\/en\/wp-json\/wp\/v2\/users\/7"}],"replies":[{"embeddable":true,"href":"https:\/\/www.bve.ulaval.ca\/en\/wp-json\/wp\/v2\/comments?post=592"}],"version-history":[{"count":8,"href":"https:\/\/www.bve.ulaval.ca\/en\/wp-json\/wp\/v2\/pages\/592\/revisions"}],"predecessor-version":[{"id":172218,"href":"https:\/\/www.bve.ulaval.ca\/en\/wp-json\/wp\/v2\/pages\/592\/revisions\/172218"}],"up":[{"embeddable":true,"href":"https:\/\/www.bve.ulaval.ca\/en\/wp-json\/wp\/v2\/pages\/373"}],"wp:attachment":[{"href":"https:\/\/www.bve.ulaval.ca\/en\/wp-json\/wp\/v2\/media?parent=592"}],"curies":[{"name":"wp","href":"https:\/\/api.w.org\/{rel}","templated":true}]}}