{"id":607,"date":"2014-11-28T16:17:18","date_gmt":"2014-11-28T21:17:18","guid":{"rendered":"https:\/\/www.bve.ulaval.ca\/?page_id=607"},"modified":"2024-06-04T14:09:06","modified_gmt":"2024-06-04T18:09:06","slug":"living-in-quebec-city","status":"publish","type":"page","link":"https:\/\/www.bve.ulaval.ca\/en\/international-students\/living-in-quebec-city\/","title":{"rendered":"Living in Qu\u00e9bec City"},"content":{"rendered":"<p>On this page, you will be introduced to the values of Qu\u00e9bec society and find practical information to help prepare and facilitate your stay in Quebec City and at Laval University.<\/p>\n<ul style=\"list-style-type: disc;\">\n<div id=\"attachment_128919\" style=\"width: 410px\" class=\"wp-caption alignright\"><a href=\"https:\/\/www.bve.ulaval.ca\/wp-content\/uploads\/2018\/03\/3542.jpg\"><img loading=\"lazy\" decoding=\"async\" aria-describedby=\"caption-attachment-128919\" class=\"wp-image-128919\" src=\"https:\/\/www.bve.ulaval.ca\/wp-content\/uploads\/2018\/03\/3542-700x393.jpg\" alt=\"\" width=\"400\" height=\"225\" srcset=\"https:\/\/www.bve.ulaval.ca\/wp-content\/uploads\/2018\/03\/3542-700x393.jpg 700w, https:\/\/www.bve.ulaval.ca\/wp-content\/uploads\/2018\/03\/3542-250x140.jpg 250w, https:\/\/www.bve.ulaval.ca\/wp-content\/uploads\/2018\/03\/3542-768x431.jpg 768w, https:\/\/www.bve.ulaval.ca\/wp-content\/uploads\/2018\/03\/3542-600x337.jpg 600w, https:\/\/www.bve.ulaval.ca\/wp-content\/uploads\/2018\/03\/3542-120x67.jpg 120w, https:\/\/www.bve.ulaval.ca\/wp-content\/uploads\/2018\/03\/3542.jpg 1011w\" sizes=\"auto, (max-width: 400px) 100vw, 400px\" \/><\/a><\/p>\n<p id=\"caption-attachment-128919\" class=\"wp-caption-text\">Photo credit: Gr\u00e9goire Ruffenach (via \u00ab\u00c0 travers votre lentille\u00bb Photo Contest 2015)<\/p>\n<\/div>\n<li><a href=\"https:\/\/www.bve.ulaval.ca\/en\/international-students\/living-in-quebec-city\/private-healthcare\/\">Private health insurance<\/a><\/li>\n<li><a href=\"https:\/\/www.bve.ulaval.ca\/en\/international-students\/living-in-quebec-city\/goods-and-services\/\">Goods and services<\/a><\/li>\n<li><a href=\"https:\/\/www.bve.ulaval.ca\/en\/international-students\/living-in-quebec-city\/culture-shock-and-adaptation\/\">Cultural shock and adaptation<\/a><\/li>\n<li><a href=\"https:\/\/www.bve.ulaval.ca\/en\/international-students\/living-in-quebec-city\/climate\/\">Climate<\/a><\/li>\n<li><a href=\"https:\/\/www.bve.ulaval.ca\/en\/international-students\/living-in-quebec-city\/communication-and-quebecers-values\/\">Communication and Quebec values<\/a><\/li>\n<li><a href=\"https:\/\/www.bve.ulaval.ca\/en\/international-students\/living-in-quebec-city\/family\/\">Family<\/a><\/li>\n<li><a href=\"https:\/\/www.bve.ulaval.ca\/en\/international-students\/living-in-quebec-city\/managing-your-money\/\">Financial management<\/a><\/li>\n<li><a href=\"https:\/\/www.bve.ulaval.ca\/en\/international-students\/living-in-quebec-city\/income-taxes\/\">Income tax<\/a><\/li>\n<li><a href=\"https:\/\/www.bve.ulaval.ca\/en\/international-students\/living-in-quebec-city\/french\/\">French language<\/a><\/li>\n<li><a href=\"https:\/\/www.bve.ulaval.ca\/en\/international-students\/living-in-quebec-city\/housing\/on-campus-housing\/\">Housing<\/a><\/li>\n<li><a href=\"https:\/\/www.bve.ulaval.ca\/en\/international-students\/living-in-quebec-city\/health-care\/\">Health care<\/a><\/li>\n<li><a href=\"https:\/\/www.bve.ulaval.ca\/en\/international-students\/living-in-quebec-city\/telephone-internet-and-cable-services\/\">Telephone, Internet and Cable TV<\/a><\/li>\n<li><a href=\"https:\/\/www.bve.ulaval.ca\/en\/international-students\/living-in-quebec-city\/getting-around\/\">Transportation<\/a><\/li>\n<li><a href=\"https:\/\/www.bve.ulaval.ca\/en\/international-students\/living-in-quebec-city\/associative-and-cultural-life\/\">Associational and cultural life<\/a><\/li>\n<li><a href=\"https:\/\/www.bve.ulaval.ca\/en\/international-students\/living-in-quebec-city\/moving-to-quebec\/\">Moving to Quebec city<\/a><\/li>\n<\/ul>\n","protected":false},"excerpt":{"rendered":"<p>On this page, you will be introduced to the values of Qu\u00e9bec society and find practical information to help prepare and facilitate your stay in Quebec City and at Laval University. Private health insurance Goods and services Cultural shock and adaptation Climate Communication and Quebec values Family Financial management Income tax French language Housing Health [&hellip;]<\/p>\n","protected":false},"author":7,"featured_media":0,"parent":373,"menu_order":28,"comment_status":"closed","ping_status":"closed","template":"page-newcss.php","meta":{"_acf_changed":false,"footnotes":""},"class_list":["post-607","page","type-page","status-publish","hentry"],"acf":[],"yoast_head":"<!-- This site is optimized with the Yoast SEO plugin v27.3 - https:\/\/yoast.com\/product\/yoast-seo-wordpress\/ -->\n<title>Living in Qu\u00e9bec City | Bureau de la vie \u00e9tudiante<\/title>\n<meta name=\"robots\" content=\"index, follow, max-snippet:-1, max-image-preview:large, max-video-preview:-1\" \/>\n<link rel=\"canonical\" href=\"https:\/\/www.bve.ulaval.ca\/en\/international-students\/living-in-quebec-city\/\" \/>\n<meta property=\"og:locale\" content=\"en_US\" \/>\n<meta property=\"og:type\" content=\"article\" \/>\n<meta property=\"og:title\" content=\"Living in Qu\u00e9bec City | Bureau de la vie \u00e9tudiante\" \/>\n<meta property=\"og:description\" content=\"On this page, you will be introduced to the values of Qu\u00e9bec society and find practical information to help prepare and facilitate your stay in Quebec City and at Laval University. Private health insurance Goods and services Cultural shock and adaptation Climate Communication and Quebec values Family Financial management Income tax French language Housing Health [&hellip;]\" \/>\n<meta property=\"og:url\" content=\"https:\/\/www.bve.ulaval.ca\/en\/international-students\/living-in-quebec-city\/\" \/>\n<meta property=\"og:site_name\" content=\"Bureau de la vie \u00e9tudiante\" \/>\n<meta property=\"article:publisher\" content=\"https:\/\/www.facebook.com\/BVEvieetudiante\" \/>\n<meta property=\"article:modified_time\" content=\"2024-06-04T18:09:06+00:00\" \/>\n<meta property=\"og:image\" content=\"https:\/\/www.bve.ulaval.ca\/wp-content\/uploads\/2018\/03\/3542-700x393.jpg\" \/>\n<meta name=\"twitter:label1\" content=\"Est. reading time\" \/>\n\t<meta name=\"twitter:data1\" content=\"1 minute\" \/>\n<script type=\"application\/ld+json\" class=\"yoast-schema-graph\">{\"@context\":\"https:\\\/\\\/schema.org\",\"@graph\":[{\"@type\":\"WebPage\",\"@id\":\"https:\\\/\\\/www.bve.ulaval.ca\\\/en\\\/international-students\\\/living-in-quebec-city\\\/\",\"url\":\"https:\\\/\\\/www.bve.ulaval.ca\\\/en\\\/international-students\\\/living-in-quebec-city\\\/\",\"name\":\"Living in Qu\u00e9bec City | Bureau de la vie \u00e9tudiante\",\"isPartOf\":{\"@id\":\"https:\\\/\\\/www.bve.ulaval.ca\\\/en\\\/#website\"},\"primaryImageOfPage\":{\"@id\":\"https:\\\/\\\/www.bve.ulaval.ca\\\/en\\\/international-students\\\/living-in-quebec-city\\\/#primaryimage\"},\"image\":{\"@id\":\"https:\\\/\\\/www.bve.ulaval.ca\\\/en\\\/international-students\\\/living-in-quebec-city\\\/#primaryimage\"},\"thumbnailUrl\":\"https:\\\/\\\/www.bve.ulaval.ca\\\/wp-content\\\/uploads\\\/2018\\\/03\\\/3542-700x393.jpg\",\"datePublished\":\"2014-11-28T21:17:18+00:00\",\"dateModified\":\"2024-06-04T18:09:06+00:00\",\"breadcrumb\":{\"@id\":\"https:\\\/\\\/www.bve.ulaval.ca\\\/en\\\/international-students\\\/living-in-quebec-city\\\/#breadcrumb\"},\"inLanguage\":\"en-US\",\"potentialAction\":[{\"@type\":\"ReadAction\",\"target\":[\"https:\\\/\\\/www.bve.ulaval.ca\\\/en\\\/international-students\\\/living-in-quebec-city\\\/\"]}]},{\"@type\":\"ImageObject\",\"inLanguage\":\"en-US\",\"@id\":\"https:\\\/\\\/www.bve.ulaval.ca\\\/en\\\/international-students\\\/living-in-quebec-city\\\/#primaryimage\",\"url\":\"https:\\\/\\\/www.bve.ulaval.ca\\\/wp-content\\\/uploads\\\/2018\\\/03\\\/3542-700x393.jpg\",\"contentUrl\":\"https:\\\/\\\/www.bve.ulaval.ca\\\/wp-content\\\/uploads\\\/2018\\\/03\\\/3542-700x393.jpg\"},{\"@type\":\"BreadcrumbList\",\"@id\":\"https:\\\/\\\/www.bve.ulaval.ca\\\/en\\\/international-students\\\/living-in-quebec-city\\\/#breadcrumb\",\"itemListElement\":[{\"@type\":\"ListItem\",\"position\":1,\"name\":\"Accueil\",\"item\":\"https:\\\/\\\/www.bve.ulaval.ca\\\/en\\\/\"},{\"@type\":\"ListItem\",\"position\":2,\"name\":\"International Students\",\"item\":\"https:\\\/\\\/www.bve.ulaval.ca\\\/en\\\/international-students\\\/\"},{\"@type\":\"ListItem\",\"position\":3,\"name\":\"Living in Qu\u00e9bec City\"}]},{\"@type\":\"WebSite\",\"@id\":\"https:\\\/\\\/www.bve.ulaval.ca\\\/en\\\/#website\",\"url\":\"https:\\\/\\\/www.bve.ulaval.ca\\\/en\\\/\",\"name\":\"Bureau de la vie \u00e9tudiante\",\"description\":\"Universit\u00e9 Laval\",\"potentialAction\":[{\"@type\":\"SearchAction\",\"target\":{\"@type\":\"EntryPoint\",\"urlTemplate\":\"https:\\\/\\\/www.bve.ulaval.ca\\\/en\\\/?s={search_term_string}\"},\"query-input\":{\"@type\":\"PropertyValueSpecification\",\"valueRequired\":true,\"valueName\":\"search_term_string\"}}],\"inLanguage\":\"en-US\"}]}<\/script>\n<!-- \/ Yoast SEO plugin. -->","yoast_head_json":{"title":"Living in Qu\u00e9bec City | Bureau de la vie \u00e9tudiante","robots":{"index":"index","follow":"follow","max-snippet":"max-snippet:-1","max-image-preview":"max-image-preview:large","max-video-preview":"max-video-preview:-1"},"canonical":"https:\/\/www.bve.ulaval.ca\/en\/international-students\/living-in-quebec-city\/","og_locale":"en_US","og_type":"article","og_title":"Living in Qu\u00e9bec City | Bureau de la vie \u00e9tudiante","og_description":"On this page, you will be introduced to the values of Qu\u00e9bec society and find practical information to help prepare and facilitate your stay in Quebec City and at Laval University. Private health insurance Goods and services Cultural shock and adaptation Climate Communication and Quebec values Family Financial management Income tax French language Housing Health [&hellip;]","og_url":"https:\/\/www.bve.ulaval.ca\/en\/international-students\/living-in-quebec-city\/","og_site_name":"Bureau de la vie \u00e9tudiante","article_publisher":"https:\/\/www.facebook.com\/BVEvieetudiante","article_modified_time":"2024-06-04T18:09:06+00:00","og_image":[{"url":"https:\/\/www.bve.ulaval.ca\/wp-content\/uploads\/2018\/03\/3542-700x393.jpg","type":"","width":"","height":""}],"twitter_misc":{"Est. reading time":"1 minute"},"schema":{"@context":"https:\/\/schema.org","@graph":[{"@type":"WebPage","@id":"https:\/\/www.bve.ulaval.ca\/en\/international-students\/living-in-quebec-city\/","url":"https:\/\/www.bve.ulaval.ca\/en\/international-students\/living-in-quebec-city\/","name":"Living in Qu\u00e9bec City | Bureau de la vie \u00e9tudiante","isPartOf":{"@id":"https:\/\/www.bve.ulaval.ca\/en\/#website"},"primaryImageOfPage":{"@id":"https:\/\/www.bve.ulaval.ca\/en\/international-students\/living-in-quebec-city\/#primaryimage"},"image":{"@id":"https:\/\/www.bve.ulaval.ca\/en\/international-students\/living-in-quebec-city\/#primaryimage"},"thumbnailUrl":"https:\/\/www.bve.ulaval.ca\/wp-content\/uploads\/2018\/03\/3542-700x393.jpg","datePublished":"2014-11-28T21:17:18+00:00","dateModified":"2024-06-04T18:09:06+00:00","breadcrumb":{"@id":"https:\/\/www.bve.ulaval.ca\/en\/international-students\/living-in-quebec-city\/#breadcrumb"},"inLanguage":"en-US","potentialAction":[{"@type":"ReadAction","target":["https:\/\/www.bve.ulaval.ca\/en\/international-students\/living-in-quebec-city\/"]}]},{"@type":"ImageObject","inLanguage":"en-US","@id":"https:\/\/www.bve.ulaval.ca\/en\/international-students\/living-in-quebec-city\/#primaryimage","url":"https:\/\/www.bve.ulaval.ca\/wp-content\/uploads\/2018\/03\/3542-700x393.jpg","contentUrl":"https:\/\/www.bve.ulaval.ca\/wp-content\/uploads\/2018\/03\/3542-700x393.jpg"},{"@type":"BreadcrumbList","@id":"https:\/\/www.bve.ulaval.ca\/en\/international-students\/living-in-quebec-city\/#breadcrumb","itemListElement":[{"@type":"ListItem","position":1,"name":"Accueil","item":"https:\/\/www.bve.ulaval.ca\/en\/"},{"@type":"ListItem","position":2,"name":"International Students","item":"https:\/\/www.bve.ulaval.ca\/en\/international-students\/"},{"@type":"ListItem","position":3,"name":"Living in Qu\u00e9bec City"}]},{"@type":"WebSite","@id":"https:\/\/www.bve.ulaval.ca\/en\/#website","url":"https:\/\/www.bve.ulaval.ca\/en\/","name":"Bureau de la vie \u00e9tudiante","description":"Universit\u00e9 Laval","potentialAction":[{"@type":"SearchAction","target":{"@type":"EntryPoint","urlTemplate":"https:\/\/www.bve.ulaval.ca\/en\/?s={search_term_string}"},"query-input":{"@type":"PropertyValueSpecification","valueRequired":true,"valueName":"search_term_string"}}],"inLanguage":"en-US"}]}},"_links":{"self":[{"href":"https:\/\/www.bve.ulaval.ca\/en\/wp-json\/wp\/v2\/pages\/607","targetHints":{"allow":["GET"]}}],"collection":[{"href":"https:\/\/www.bve.ulaval.ca\/en\/wp-json\/wp\/v2\/pages"}],"about":[{"href":"https:\/\/www.bve.ulaval.ca\/en\/wp-json\/wp\/v2\/types\/page"}],"author":[{"embeddable":true,"href":"https:\/\/www.bve.ulaval.ca\/en\/wp-json\/wp\/v2\/users\/7"}],"replies":[{"embeddable":true,"href":"https:\/\/www.bve.ulaval.ca\/en\/wp-json\/wp\/v2\/comments?post=607"}],"version-history":[{"count":0,"href":"https:\/\/www.bve.ulaval.ca\/en\/wp-json\/wp\/v2\/pages\/607\/revisions"}],"up":[{"embeddable":true,"href":"https:\/\/www.bve.ulaval.ca\/en\/wp-json\/wp\/v2\/pages\/373"}],"wp:attachment":[{"href":"https:\/\/www.bve.ulaval.ca\/en\/wp-json\/wp\/v2\/media?parent=607"}],"curies":[{"name":"wp","href":"https:\/\/api.w.org\/{rel}","templated":true}]}}