{"id":617,"date":"2014-12-01T09:44:59","date_gmt":"2014-12-01T14:44:59","guid":{"rendered":"https:\/\/www.bve.ulaval.ca\/?page_id=617"},"modified":"2022-09-21T10:15:34","modified_gmt":"2022-09-21T14:15:34","slug":"culture-shock-and-adaptation","status":"publish","type":"page","link":"https:\/\/www.bve.ulaval.ca\/en\/international-students\/living-in-quebec-city\/culture-shock-and-adaptation\/","title":{"rendered":"Culture Shock and Adaptation"},"content":{"rendered":"<h2>Culture shock<\/h2>\n<p>Kalervo Oberg was the first anthropologist to use the expression \u201cculture shock\u201d to describe the stress and disorientation experienced by individuals adjusting to a new culture. Culture shock occurs when people leave familiar surroundings and plunge into an unknown environment. It results from the loss of the signs and landmarks we use to guide our daily actions. Moving to a new community is a fascinating challenge, but can cause a great deal of stress and anxiety.<\/p>\n<p>When we confront a new culture, all the presuppositions and clues we use to guide us in daily life disappear. Culture regulates every aspect of our lives: when to shake hands, what to say when meeting people, when and how much to leave as a tip in a bar or restaurant, how to shop, when to accept or turn down invitations, and more. The simplest everyday gestures need to be relearned in the new culture. The values and beliefs of the host society may differ from or contradict those of our home country. And in moving to a new country, we must entirely rebuild our social circle and make new contacts, a process that takes a great deal of time and energy.<\/p>\n<p>Cultural shock can be diagrammed as a U-curve with 4\u00a0main stages often described as the honeymoon, confrontation, adjustment and bicultural fluency. These stages often blend and overlap, and vary in length for different people.<\/p>\n<p><a href=\"https:\/\/www.bve.ulaval.ca\/wp-content\/uploads\/2019\/12\/culture-shock-kalervo-oberg-diagram-700x298_cd.jpg\"><img loading=\"lazy\" decoding=\"async\" class=\"wp-image-146563 size-full aligncenter\" src=\"https:\/\/www.bve.ulaval.ca\/wp-content\/uploads\/2019\/12\/culture-shock-kalervo-oberg-diagram-700x298_cd.jpg\" alt=\"\" width=\"736\" height=\"309\" srcset=\"https:\/\/www.bve.ulaval.ca\/wp-content\/uploads\/2019\/12\/culture-shock-kalervo-oberg-diagram-700x298_cd.jpg 736w, https:\/\/www.bve.ulaval.ca\/wp-content\/uploads\/2019\/12\/culture-shock-kalervo-oberg-diagram-700x298_cd-250x105.jpg 250w, https:\/\/www.bve.ulaval.ca\/wp-content\/uploads\/2019\/12\/culture-shock-kalervo-oberg-diagram-700x298_cd-700x294.jpg 700w, https:\/\/www.bve.ulaval.ca\/wp-content\/uploads\/2019\/12\/culture-shock-kalervo-oberg-diagram-700x298_cd-600x252.jpg 600w, https:\/\/www.bve.ulaval.ca\/wp-content\/uploads\/2019\/12\/culture-shock-kalervo-oberg-diagram-700x298_cd-120x50.jpg 120w\" sizes=\"auto, (max-width: 736px) 100vw, 736px\" \/><\/a><\/p>\n<h3>Honeymoon<\/h3>\n<p>In the days and weeks before and after your arrival in Qu\u00e9bec, you may experience feelings of euphoria and excitement, and will you have many expectations about your stay. Upon arriving in your new country, everything is new and exotic, and seems perfect. You have a very positive attitude and are eager to see and do everything and try new things.<\/p>\n<h3>Crisis or Conflict<\/h3>\n<p>This stage normally coincides with the start of one\u2019s routine\u2014often the start of classes\u2014and marks the switch from the \u201ctourism experience\u201d phase to the \u201cstay abroad\u201d phase. It is a period of disillusionment, when the differences between Qu\u00e9bec and your home country become more apparent. You may idealize the country you just left and constantly criticize Qu\u00e9bec. You feel disoriented by the loss of familiar cues and may have difficulty knowing how to behave effectively. Common symptoms of this phase include feelings of confusion, frustration, powerlessness, isolation, nostalgia and homesickness, boredom, loss of appetite, irritability, stress, hostility toward the host country and its inhabitants, fatigue, and headaches.<\/p>\n<h3>Adjustment<\/h3>\n<p>Adjustment is gradual and requires time and patience. Little by little, you learn to accept\u2014without judgment\u2014Qu\u00e9bec\u2019s culture, people, customs, and values. You eventually start to develop a social network and feel less isolated, and as you become more familiar with societal practices and customs, you feel less powerless and more capable. You find a balance between the values of your home country and those of the host country. The new gradually becomes normal.<\/p>\n<h3>Bicultural Fluency<\/h3>\n<p>Becoming biculturally fluent is a long process that can take several years. You know you\u2019ve achieved it when you are just as at ease in your host culture as you are in your own. You understand your host culture and can explain it to newcomers, and if you leave, you will take part of the host culture with you.<\/p>\n<h2>Overcoming Culture Shock<\/h2>\n<p>There is no magic solution for dealing with culture shock. Everyone has to find their own balance between the values of their home country and those of the host country. But simply knowing what culture shock is and being able to name your feelings is a relief. The best strategies are to give yourself time to adjust, resist the temptation to withdraw into yourself, and lower the expectations you have for yourself and the host country.<\/p>\n<h3>Ways to Reduce the Effects of Culture Shock<\/h3>\n<p><strong>1. Socialize with Quebecers.<\/strong><\/p>\n<p>Ask questions to learn more about the host country. Bureau de la vie \u00e9tudiante coordinates many welcome activities offered each semester as well as a buddy program that can help you meet Quebecers.<\/p>\n<p><strong>2. Avoid isolation: go out, meet people, take part in activities.<\/strong><\/p>\n<p>Living in residence, at least for your first few semesters, can be a good way to avoid isolation.<\/p>\n<p><strong>3. Be curious: read and find out as much as possible about Qu\u00e9bec.<\/strong><\/p>\n<p><strong>4. Be tolerant, open-minded, and flexible.<\/strong><\/p>\n<p><strong>5. Avoid hasty judgments.<\/strong><\/p>\n<p><strong>6. Talk about your experience with someone who has experienced cultural adjustment before. You can also meet with the foreign student advisors at Bureau de la vie \u00e9tudiante by calling 418-656-2765.<\/strong><\/p>\n<p><strong>7. Take French classes.<\/strong><\/p>\n<p>If French is not your first language, don\u2019t hesitate to enroll in French Foreign Language courses at Universit\u00e9 Laval\u2019s \u00c9cole de langues\u00a0 so that you can communicate more effectively with your professors and classmates.<\/p>\n<p><strong>8. Keep engaging in the sports and recreation activities you enjoyed in your country.<\/strong><\/p>\n<p><strong>9. Get involved in your new community: do volunteer work or join a student association, for example.<\/strong><\/p>\n<p><strong>10. Stay in touch with your home country, family, and friends.<\/strong><\/p>\n<p><strong>11. And above all: be patient with yourself and others.<\/strong><\/p>\n<p>Always keep in mind that adapting to change is a gradual process that does not happen overnight. Adaptation requires that you adjust your everyday behavior and emotional reactions. It also requires a great deal of learning. You may very well discover abilities you never knew you had. Remember that adaptation is a normal and positive process!<\/p>\n<p><strong>Sources<\/strong><br \/>\n<em>\u201cDu choc culturel \u00e0 l\u2019int\u00e9gration,\u201d Sonja Susnjar. Article published in Bulletin Vies-\u00e0-vies, Vol. 4, No.5, April 1992, Universit\u00e9 de Montr\u00e9al.<\/em><\/p>\n","protected":false},"excerpt":{"rendered":"<p>Culture shock Kalervo Oberg was the first anthropologist to use the expression \u201cculture shock\u201d to describe the stress and disorientation experienced by individuals adjusting to a new culture. Culture shock occurs when people leave familiar surroundings and plunge into an unknown environment. It results from the loss of the signs and landmarks we use to [&hellip;]<\/p>\n","protected":false},"author":7,"featured_media":0,"parent":607,"menu_order":2,"comment_status":"closed","ping_status":"closed","template":"page-newcss.php","meta":{"_acf_changed":false,"footnotes":""},"class_list":["post-617","page","type-page","status-publish","hentry"],"acf":[],"yoast_head":"<!-- This site is optimized with the Yoast SEO plugin v27.4 - https:\/\/yoast.com\/product\/yoast-seo-wordpress\/ -->\n<title>Culture Shock and Adaptation | Bureau de la vie \u00e9tudiante<\/title>\n<meta name=\"description\" content=\"Learn to live into a new culture. Description of the cultural shock 4 main stages and ways to facilate your adaptation in a new environment.\" \/>\n<meta name=\"robots\" content=\"index, follow, max-snippet:-1, max-image-preview:large, max-video-preview:-1\" \/>\n<link rel=\"canonical\" href=\"https:\/\/www.bve.ulaval.ca\/en\/international-students\/living-in-quebec-city\/culture-shock-and-adaptation\/\" \/>\n<meta property=\"og:locale\" content=\"en_US\" \/>\n<meta property=\"og:type\" content=\"article\" \/>\n<meta property=\"og:title\" content=\"Culture Shock and Adaptation | Bureau de la vie \u00e9tudiante\" \/>\n<meta property=\"og:description\" content=\"Learn to live into a new culture. Description of the cultural shock 4 main stages and ways to facilate your adaptation in a new environment.\" \/>\n<meta property=\"og:url\" content=\"https:\/\/www.bve.ulaval.ca\/en\/international-students\/living-in-quebec-city\/culture-shock-and-adaptation\/\" \/>\n<meta property=\"og:site_name\" content=\"Bureau de la vie \u00e9tudiante\" \/>\n<meta property=\"article:publisher\" content=\"https:\/\/www.facebook.com\/BVEvieetudiante\" \/>\n<meta property=\"article:modified_time\" content=\"2022-09-21T14:15:34+00:00\" \/>\n<meta property=\"og:image\" content=\"https:\/\/www.bve.ulaval.ca\/wp-content\/uploads\/2019\/12\/culture-shock-kalervo-oberg-diagram-700x298_cd.jpg\" \/>\n<meta name=\"twitter:label1\" content=\"Est. reading time\" \/>\n\t<meta name=\"twitter:data1\" content=\"5 minutes\" \/>\n<script type=\"application\/ld+json\" class=\"yoast-schema-graph\">{\"@context\":\"https:\\\/\\\/schema.org\",\"@graph\":[{\"@type\":\"WebPage\",\"@id\":\"https:\\\/\\\/www.bve.ulaval.ca\\\/en\\\/international-students\\\/living-in-quebec-city\\\/culture-shock-and-adaptation\\\/\",\"url\":\"https:\\\/\\\/www.bve.ulaval.ca\\\/en\\\/international-students\\\/living-in-quebec-city\\\/culture-shock-and-adaptation\\\/\",\"name\":\"Culture Shock and Adaptation | Bureau de la vie \u00e9tudiante\",\"isPartOf\":{\"@id\":\"https:\\\/\\\/www.bve.ulaval.ca\\\/en\\\/#website\"},\"primaryImageOfPage\":{\"@id\":\"https:\\\/\\\/www.bve.ulaval.ca\\\/en\\\/international-students\\\/living-in-quebec-city\\\/culture-shock-and-adaptation\\\/#primaryimage\"},\"image\":{\"@id\":\"https:\\\/\\\/www.bve.ulaval.ca\\\/en\\\/international-students\\\/living-in-quebec-city\\\/culture-shock-and-adaptation\\\/#primaryimage\"},\"thumbnailUrl\":\"https:\\\/\\\/www.bve.ulaval.ca\\\/wp-content\\\/uploads\\\/2019\\\/12\\\/culture-shock-kalervo-oberg-diagram-700x298_cd.jpg\",\"datePublished\":\"2014-12-01T14:44:59+00:00\",\"dateModified\":\"2022-09-21T14:15:34+00:00\",\"description\":\"Learn to live into a new culture. Description of the cultural shock 4 main stages and ways to facilate your adaptation in a new environment.\",\"breadcrumb\":{\"@id\":\"https:\\\/\\\/www.bve.ulaval.ca\\\/en\\\/international-students\\\/living-in-quebec-city\\\/culture-shock-and-adaptation\\\/#breadcrumb\"},\"inLanguage\":\"en-US\",\"potentialAction\":[{\"@type\":\"ReadAction\",\"target\":[\"https:\\\/\\\/www.bve.ulaval.ca\\\/en\\\/international-students\\\/living-in-quebec-city\\\/culture-shock-and-adaptation\\\/\"]}]},{\"@type\":\"ImageObject\",\"inLanguage\":\"en-US\",\"@id\":\"https:\\\/\\\/www.bve.ulaval.ca\\\/en\\\/international-students\\\/living-in-quebec-city\\\/culture-shock-and-adaptation\\\/#primaryimage\",\"url\":\"https:\\\/\\\/www.bve.ulaval.ca\\\/wp-content\\\/uploads\\\/2019\\\/12\\\/culture-shock-kalervo-oberg-diagram-700x298_cd.jpg\",\"contentUrl\":\"https:\\\/\\\/www.bve.ulaval.ca\\\/wp-content\\\/uploads\\\/2019\\\/12\\\/culture-shock-kalervo-oberg-diagram-700x298_cd.jpg\"},{\"@type\":\"BreadcrumbList\",\"@id\":\"https:\\\/\\\/www.bve.ulaval.ca\\\/en\\\/international-students\\\/living-in-quebec-city\\\/culture-shock-and-adaptation\\\/#breadcrumb\",\"itemListElement\":[{\"@type\":\"ListItem\",\"position\":1,\"name\":\"Accueil\",\"item\":\"https:\\\/\\\/www.bve.ulaval.ca\\\/en\\\/\"},{\"@type\":\"ListItem\",\"position\":2,\"name\":\"International Students\",\"item\":\"https:\\\/\\\/www.bve.ulaval.ca\\\/en\\\/international-students\\\/\"},{\"@type\":\"ListItem\",\"position\":3,\"name\":\"Living in Qu\u00e9bec City\",\"item\":\"https:\\\/\\\/www.bve.ulaval.ca\\\/en\\\/international-students\\\/living-in-quebec-city\\\/\"},{\"@type\":\"ListItem\",\"position\":4,\"name\":\"Culture Shock and Adaptation\"}]},{\"@type\":\"WebSite\",\"@id\":\"https:\\\/\\\/www.bve.ulaval.ca\\\/en\\\/#website\",\"url\":\"https:\\\/\\\/www.bve.ulaval.ca\\\/en\\\/\",\"name\":\"Bureau de la vie \u00e9tudiante\",\"description\":\"Universit\u00e9 Laval\",\"potentialAction\":[{\"@type\":\"SearchAction\",\"target\":{\"@type\":\"EntryPoint\",\"urlTemplate\":\"https:\\\/\\\/www.bve.ulaval.ca\\\/en\\\/?s={search_term_string}\"},\"query-input\":{\"@type\":\"PropertyValueSpecification\",\"valueRequired\":true,\"valueName\":\"search_term_string\"}}],\"inLanguage\":\"en-US\"}]}<\/script>\n<!-- \/ Yoast SEO plugin. -->","yoast_head_json":{"title":"Culture Shock and Adaptation | Bureau de la vie \u00e9tudiante","description":"Learn to live into a new culture. Description of the cultural shock 4 main stages and ways to facilate your adaptation in a new environment.","robots":{"index":"index","follow":"follow","max-snippet":"max-snippet:-1","max-image-preview":"max-image-preview:large","max-video-preview":"max-video-preview:-1"},"canonical":"https:\/\/www.bve.ulaval.ca\/en\/international-students\/living-in-quebec-city\/culture-shock-and-adaptation\/","og_locale":"en_US","og_type":"article","og_title":"Culture Shock and Adaptation | Bureau de la vie \u00e9tudiante","og_description":"Learn to live into a new culture. Description of the cultural shock 4 main stages and ways to facilate your adaptation in a new environment.","og_url":"https:\/\/www.bve.ulaval.ca\/en\/international-students\/living-in-quebec-city\/culture-shock-and-adaptation\/","og_site_name":"Bureau de la vie \u00e9tudiante","article_publisher":"https:\/\/www.facebook.com\/BVEvieetudiante","article_modified_time":"2022-09-21T14:15:34+00:00","og_image":[{"url":"https:\/\/www.bve.ulaval.ca\/wp-content\/uploads\/2019\/12\/culture-shock-kalervo-oberg-diagram-700x298_cd.jpg","type":"","width":"","height":""}],"twitter_misc":{"Est. reading time":"5 minutes"},"schema":{"@context":"https:\/\/schema.org","@graph":[{"@type":"WebPage","@id":"https:\/\/www.bve.ulaval.ca\/en\/international-students\/living-in-quebec-city\/culture-shock-and-adaptation\/","url":"https:\/\/www.bve.ulaval.ca\/en\/international-students\/living-in-quebec-city\/culture-shock-and-adaptation\/","name":"Culture Shock and Adaptation | Bureau de la vie \u00e9tudiante","isPartOf":{"@id":"https:\/\/www.bve.ulaval.ca\/en\/#website"},"primaryImageOfPage":{"@id":"https:\/\/www.bve.ulaval.ca\/en\/international-students\/living-in-quebec-city\/culture-shock-and-adaptation\/#primaryimage"},"image":{"@id":"https:\/\/www.bve.ulaval.ca\/en\/international-students\/living-in-quebec-city\/culture-shock-and-adaptation\/#primaryimage"},"thumbnailUrl":"https:\/\/www.bve.ulaval.ca\/wp-content\/uploads\/2019\/12\/culture-shock-kalervo-oberg-diagram-700x298_cd.jpg","datePublished":"2014-12-01T14:44:59+00:00","dateModified":"2022-09-21T14:15:34+00:00","description":"Learn to live into a new culture. Description of the cultural shock 4 main stages and ways to facilate your adaptation in a new environment.","breadcrumb":{"@id":"https:\/\/www.bve.ulaval.ca\/en\/international-students\/living-in-quebec-city\/culture-shock-and-adaptation\/#breadcrumb"},"inLanguage":"en-US","potentialAction":[{"@type":"ReadAction","target":["https:\/\/www.bve.ulaval.ca\/en\/international-students\/living-in-quebec-city\/culture-shock-and-adaptation\/"]}]},{"@type":"ImageObject","inLanguage":"en-US","@id":"https:\/\/www.bve.ulaval.ca\/en\/international-students\/living-in-quebec-city\/culture-shock-and-adaptation\/#primaryimage","url":"https:\/\/www.bve.ulaval.ca\/wp-content\/uploads\/2019\/12\/culture-shock-kalervo-oberg-diagram-700x298_cd.jpg","contentUrl":"https:\/\/www.bve.ulaval.ca\/wp-content\/uploads\/2019\/12\/culture-shock-kalervo-oberg-diagram-700x298_cd.jpg"},{"@type":"BreadcrumbList","@id":"https:\/\/www.bve.ulaval.ca\/en\/international-students\/living-in-quebec-city\/culture-shock-and-adaptation\/#breadcrumb","itemListElement":[{"@type":"ListItem","position":1,"name":"Accueil","item":"https:\/\/www.bve.ulaval.ca\/en\/"},{"@type":"ListItem","position":2,"name":"International Students","item":"https:\/\/www.bve.ulaval.ca\/en\/international-students\/"},{"@type":"ListItem","position":3,"name":"Living in Qu\u00e9bec City","item":"https:\/\/www.bve.ulaval.ca\/en\/international-students\/living-in-quebec-city\/"},{"@type":"ListItem","position":4,"name":"Culture Shock and Adaptation"}]},{"@type":"WebSite","@id":"https:\/\/www.bve.ulaval.ca\/en\/#website","url":"https:\/\/www.bve.ulaval.ca\/en\/","name":"Bureau de la vie \u00e9tudiante","description":"Universit\u00e9 Laval","potentialAction":[{"@type":"SearchAction","target":{"@type":"EntryPoint","urlTemplate":"https:\/\/www.bve.ulaval.ca\/en\/?s={search_term_string}"},"query-input":{"@type":"PropertyValueSpecification","valueRequired":true,"valueName":"search_term_string"}}],"inLanguage":"en-US"}]}},"_links":{"self":[{"href":"https:\/\/www.bve.ulaval.ca\/en\/wp-json\/wp\/v2\/pages\/617","targetHints":{"allow":["GET"]}}],"collection":[{"href":"https:\/\/www.bve.ulaval.ca\/en\/wp-json\/wp\/v2\/pages"}],"about":[{"href":"https:\/\/www.bve.ulaval.ca\/en\/wp-json\/wp\/v2\/types\/page"}],"author":[{"embeddable":true,"href":"https:\/\/www.bve.ulaval.ca\/en\/wp-json\/wp\/v2\/users\/7"}],"replies":[{"embeddable":true,"href":"https:\/\/www.bve.ulaval.ca\/en\/wp-json\/wp\/v2\/comments?post=617"}],"version-history":[{"count":0,"href":"https:\/\/www.bve.ulaval.ca\/en\/wp-json\/wp\/v2\/pages\/617\/revisions"}],"up":[{"embeddable":true,"href":"https:\/\/www.bve.ulaval.ca\/en\/wp-json\/wp\/v2\/pages\/607"}],"wp:attachment":[{"href":"https:\/\/www.bve.ulaval.ca\/en\/wp-json\/wp\/v2\/media?parent=617"}],"curies":[{"name":"wp","href":"https:\/\/api.w.org\/{rel}","templated":true}]}}