{"id":661,"date":"2014-12-02T11:48:25","date_gmt":"2014-12-02T16:48:25","guid":{"rendered":"https:\/\/www.bve.ulaval.ca\/?page_id=661"},"modified":"2025-11-11T10:43:31","modified_gmt":"2025-11-11T15:43:31","slug":"family","status":"publish","type":"page","link":"https:\/\/www.bve.ulaval.ca\/en\/international-students\/living-in-quebec-city\/family\/","title":{"rendered":"Family"},"content":{"rendered":"<div class=\"accordion-title\">\n<h2>Association des parents-\u00e9tudiants de\u00a0l&#8217;Universit\u00e9 Laval (AP\u00c9TUL)<\/h2>\n<\/div>\n<div class=\"accordion-content\">\n<p>AP\u00c9TUL, an association of parents who study at Universit\u00e9 Laval, focuses on the interests and values of parents and their children. On campus, it refers parents to specialized resources available to them and works to increase student parent visibility in order to create mutual help networks. It offers a series of activities designed to significantly facilitate parents&#8217; life, including an annual bazaar. AP\u00c9TUL also provides a place where its members can study, breast feed, eat lunch as a family, or carry out a team project with their children. The location is designed to meet the needs of families. Lastly, the AP\u00c9TUL website is full of useful information on being a student parent and balancing studies, work, and family.<\/p>\n<p>Pavillon Maurice-Pollack, Room 2229<br \/>\n418-656-2131 ext. 3405<br \/>\n<a href=\"mailto:assoparentsul@gmail.com\">assoparentsul@gmail.com<\/a><br \/>\n<a href=\"http:\/\/www.apetul.asso.ulaval.ca\/index.php\" target=\"_blank\" rel=\"noopener noreferrer\">www.apetul.asso.ulaval.ca<\/a><\/p>\n<\/div>\n<div class=\"accordion-title\">\n<h2>Primary or secondary school<\/h2>\n<\/div>\n<div class=\"accordion-content\">\n<p>Qu\u00e9bec has public and private primary and secondary schools. To enroll your child in a private school, directly contact the school administration. To enroll your child in a public school, contact your local school board. School boards are organizations that manage the public schools. Four school boards cover the territory of Qu\u00e9bec City.<\/p>\n<p>To enroll your child, you will need to present various legal documents such as the child&#8217;s birth certificate and your study permit and CAQ.<\/p>\n<div class=\"row\">\n<div class=\"col-sm-6\">\n<ul style=\"list-style-type: disc;\">\n<li><strong>Centre de service scolaire de la Capitale<\/strong><br \/>\n1900, rue C\u00f4t\u00e9<br \/>\n418-686-4040<br \/>\n<a href=\"mailto:adm2@cscapitale.qc.ca\">adm2@cscapitale.qc.ca<\/a><br \/>\n<a href=\"http:\/\/www.cscapitale.qc.ca\/\" target=\"_blank\" rel=\"noopener noreferrer\">www.cscapitale.qc.ca<\/a><\/li>\n<li><strong>Centre de service scolaire des D\u00e9couvreurs<\/strong><br \/>\n100-945, avenue Wolfe<br \/>\n418-652-2121<br \/>\n<a href=\"mailto:dgdecou@csdecou.qc.ca\">dgdecou@csdecou.qc.ca<\/a><br \/>\n<a href=\"http:\/\/www.csdecou.qc.ca\/\" target=\"_blank\" rel=\"noopener noreferrer\">www.csdecou.qc.ca<\/a><\/li>\n<li><strong>Centre de service scolaire des Premi\u00e8res-Seigneuries<\/strong><br \/>\n643, avenue du C\u00e9nacle<br \/>\n418-666-4666<br \/>\n<a href=\"http:\/\/www.csdps.qc.ca\/accueil\/\" target=\"_blank\" rel=\"noopener noreferrer\">www.csdps.qc.ca<\/a><\/li>\n<\/ul>\n<\/div>\n<div class=\"col-sm-6\">\n<ul style=\"list-style-type: disc;\">\n<li><strong>Central Quebec School Board<\/strong><br \/>\n2046, chemin Saint-Louis<br \/>\n418-688-8730<br \/>\n<a href=\"mailto:cqsb@cqsb.qc.ca\">cqsb@cqsb.qc.ca<br \/>\n<\/a><a href=\"https:\/\/www.cqsb.qc.ca\/en\/home\" target=\"_blank\" rel=\"noopener noreferrer\">www.cqsb.qc.ca<\/a><\/li>\n<li><strong>Minist\u00e8re de l&#8217;\u00c9ducation, Enseignement sup\u00e9rieur et Recherche<\/strong><br \/>\n<a href=\"http:\/\/www.education.gouv.qc.ca\/en\/home\/\" target=\"_blank\" rel=\"noopener noreferrer\">www.education.gouv.qc.ca<\/a><\/li>\n<\/ul>\n<\/div>\n<\/div>\n<p>To enroll your child in a chargeable private school, you must contact the school directly.<\/p>\n<div class=\"row\">\n<div class=\"col-sm-6\">\n<ul style=\"list-style-type: disc;\">\n<li><strong>Coll\u00e8ge Stanislas de Qu\u00e9bec<\/strong><br \/>\n1605, chemin Sainte-Foy<br \/>\n418 527-9998<br \/>\n<a href=\"mailto:dirquebec@stanislas.qc.ca\">dirquebec@stanislas.qc.ca<\/a><br \/>\n<a href=\"http:\/\/www.stanislas.qc.ca\" target=\"_blank\" rel=\"noopener noreferrer\">www.stanislas.qc.ca<\/a><\/li>\n<li><strong>Acad\u00e9mie Saint-Louis- Primaire<\/strong><br \/>\n2200, de la Rive Bois\u00e9e Nord<br \/>\n418 767-2200<br \/>\n<a href=\"mailto:aslprimaire@aslouis.qc.ca\" target=\"_blank\" rel=\"noopener\">aslprimaire@aslouis.qc.ca<\/a><br \/>\n<a href=\"https:\/\/aslouis.qc.ca\/\" target=\"_blank\" rel=\"noopener\">aslouis.qc.ca<\/a><\/li>\n<li><strong>Acad\u00e9mie Saint-Louis- Secondaire<\/strong><br \/>\n1500, de la Rive Bois\u00e9e Sud<br \/>\n418 845-5121<br \/>\n<a href=\"mailto:aslsecondaire@aslouis.qc.ca\" target=\"_blank\" rel=\"noopener\">aslsecondaire@aslouis.qc.ca<\/a><br \/>\n<a href=\"https:\/\/aslouis.qc.ca\/\" target=\"_blank\" rel=\"noopener\">aslouis.qc.ca<\/a><\/li>\n<li><strong>\u00c9cole St-Fran\u00e7ois<\/strong><br \/>\n1000, rue du Joli-Bois<br \/>\n418 650-1171<br \/>\n<a href=\"https:\/\/www.cppq.qc.ca\/nous-joindre\/\" target=\"_blank\" rel=\"noopener\">www.cppq.qc.ca<\/a><\/li>\n<li><strong>Coll\u00e8ge de Champigny<\/strong><br \/>\n1400, route de l\u2019A\u00e9roport<br \/>\n418 872-0508<br \/>\n<a href=\"https:\/\/collegedechampigny.com\/nous-joindre\/\" target=\"_blank\" rel=\"noopener\">collegedechampigny.com<\/a><\/li>\n<li><strong>Coll\u00e8ge J\u00e9sus-Marie de Sillery<\/strong><br \/>\n2047, chemin Saint-Louis<br \/>\n418 687-9250<br \/>\n<a href=\"https:\/\/www.collegejesusmarie.com\/\" target=\"_blank\" rel=\"noopener\">www.collegejesusmarie.com<\/a><\/li>\n<\/ul>\n<\/div>\n<div class=\"col-sm-6\">\n<ul style=\"list-style-type: disc;\">\n<li><strong>Coll\u00e8ge Saint-Charles-Garnier<\/strong><br \/>\n1150, boulevard Ren\u00e9-L\u00e9vesque Ouest<br \/>\n418 681-0107<br \/>\n<a href=\"mailto:info@collegegarnier.qc.ca\" target=\"_blank\" rel=\"noopener\">info@collegegarnier.qc.ca<\/a><br \/>\n<a href=\"https:\/\/collegegarnier.qc.ca\/\" target=\"_blank\" rel=\"noopener\">collegegarnier.qc.ca<\/a><\/li>\n<li><strong>\u00c9cole de l\u2019Eau-Vive<\/strong><br \/>\n4690, avenue Chauveau<br \/>\n418 843-5345<br \/>\n<a href=\"mailto:info@ecoleleauvive.com\">info@ecoleleauvive.com<\/a><br \/>\n<a href=\"https:\/\/ecoleleauvive.com\/\" target=\"_blank\" rel=\"noopener\">ecoleleauvive.com<\/a><\/li>\n<li><strong>\u00c9cole Fran\u00e7ois-Bourrin<\/strong><br \/>\n50, avenue des Cascades<br \/>\n418 661-6978<br \/>\n<a href=\"mailto:info@ecolefrancoisbourrin.ca\">info@ecolefrancoisbourrin.ca<\/a><br \/>\n<a href=\"https:\/\/ecolefrancoisbourrin.ca\/\" target=\"_blank\" rel=\"noopener\">ecolefrancoisbourrin.ca<\/a><\/li>\n<li><strong>Saint-Jean-Eudes<\/strong><br \/>\n650, avenue du Bourg-Royal<br \/>\n418 627-1550<br \/>\n<a href=\"https:\/\/saint-jean-eudes.com\/\" target=\"_blank\" rel=\"noopener\">saint-jean-eudes.com<\/a><\/li>\n<li><strong>Coll\u00e8ge Fran\u00e7ois-de-Laval<\/strong><br \/>\n6, rue de la Vieille-Universit\u00e9<br \/>\n418 694-1020<br \/>\n<a href=\"https:\/\/collegefdl.ca\/\" target=\"_blank\" rel=\"noopener\">collegefdl.ca<\/a><\/li>\n<li><strong>Coll\u00e8ge mariste de Qu\u00e9bec<\/strong><br \/>\n2315, chemin Saint-Louis<br \/>\n418 651-4944<br \/>\n<a href=\"mailto:info@collegemariste.ca\">info@collegemariste.ca<\/a><br \/>\n<a href=\"https:\/\/www.xn--collgemariste-zgb.ca\/\" target=\"_blank\" rel=\"noopener\">www.xn--collgemariste-zgb.ca<\/a><\/li>\n<\/ul>\n<\/div>\n<\/div>\n<\/div>\n<div class=\"accordion-title\">\n<h2>Tax system<\/h2>\n<\/div>\n<div class=\"accordion-content\">\n<p>As a family living in Qu\u00e9bec and Canada, you may be eligible for a number of tax benefits. For example, the Canadian government offers the <a href=\"https:\/\/www.canada.ca\/en\/revenue-agency\/services\/child-family-benefits\/canada-child-benefit-overview.html\" target=\"_blank\" rel=\"noopener noreferrer\">Canada child benefit (CCB)<\/a>, and the Qu\u00e9bec government provides <a href=\"http:\/\/www.rrq.gouv.qc.ca\/en\/enfants\/nouveau_resident_quebec\/Pages\/nouveau_resident_quebec.aspx\" target=\"_blank\" rel=\"noopener noreferrer\">child assistance<\/a>.<\/p>\n<p>Both levels of government also offer numerous family-friendly tax measures such as tax credits for childcare expenses or the cost of your children\u2019s artistic and sports activities. Check the <a href=\"https:\/\/www.revenuquebec.ca\/en\/citizens\/your-situation\/parents-and-future-parents\/\" target=\"_blank\" rel=\"noopener noreferrer\">Revenu Qu\u00e9bec<\/a> and <a href=\"http:\/\/www.cra-arc.gc.ca\/ndvdls-fmls\/menu-eng.html\" target=\"_blank\" rel=\"noopener noreferrer\">Canada Revenue Agency<\/a> websites for more information on the various programs and how to access them.<\/p>\n<p>If you contribute to a Registered Education Savings Plan (RESP) for your children, you may be eligible for certain subsidies from the <a href=\"https:\/\/www.revenuquebec.ca\/en\/citizens\/tax-credits\/quebec-education-savings-incentive\/\" target=\"_blank\" rel=\"noopener noreferrer\">Qu\u00e9bec<\/a> and <a href=\"http:\/\/www.cra-arc.gc.ca\/tx\/ndvdls\/tpcs\/resp-reee\/menu-eng.html\" target=\"_blank\" rel=\"noopener noreferrer\">Canadian<\/a> governments.<\/p>\n<\/div>\n<div class=\"accordion-title\">\n<h2>Immigration formalities<\/h2>\n<\/div>\n<div class=\"accordion-content\">\n<p>Spouses and children of foreign students in Canada can obtain a work or study permit or a visitor status to accompany students during their stay.<\/p>\n<p>To have all the information, look on <a href=\"http:\/\/www2.ulaval.ca\/en\/international\/international-students\/immigration.html\" target=\"_blank\" rel=\"noopener noreferrer\">immigration<\/a> web page of University Laval.<\/p>\n<\/div>\n<div class=\"accordion-title\">\n<h2>Acc\u00e8s-Loisirs<\/h2>\n<\/div>\n<div class=\"accordion-content\">\n<p>Acc\u00e8s-Loisirs is a non-profit organization who aim at providing free leisure activity (cultural, sports, outdoor) for low income family. For more information, visit the \u00ab<a href=\"http:\/\/www.accesloisirsquebec.com\/inscription.ws\" target=\"_blank\" rel=\"noopener noreferrer\">inscription<\/a>\u00bb section of their website (French only).<\/p>\n<p>The city also offers a wide variety of activities for children. To see what&#8217;s on offer, visit the <a href=\"https:\/\/www.ville.quebec.qc.ca\/citoyens\/loisirs_sports\/repertoire-activites-loisir\/index.aspx\" target=\"_blank\" rel=\"noopener\">Leisure and Sports page<\/a> (French only).<\/p>\n<\/div>\n<div class=\"accordion-title\">\n<h2>Child care services<\/h2>\n<\/div>\n<div class=\"accordion-content\">\n<p>Child care services are available in all Qu\u00e9bec City neighbourhoods. They are divided into four different categories\u2014early childhood centres (\u00abCentres de petite enfance\u00bb or CPE), subsidized and private daycares, and home child care.<\/p>\n<p>Certain child care spaces are partially funded by the Qu\u00e9bec government and are available at a reduced cost of $9.10 or more a day, depending on family income. To be eligible as an international student, you must have a Qu\u00e9bec Acceptance Certificate (CAQ), a study permit, and a Qu\u00e9bec government scholarship (Merit Scholarship Program for International Students \u2013 PBEEE).<\/p>\n<p>Holders of a closed work permit or an open work permit and a Quebec Selection Certificate (CSQ) are also eligible.<\/p>\n<p>In private daycares and home care facilities, costs generally vary from $40 to $60 a day. However, many parents are eligible for tax credits that reduce the net cost of the service.<\/p>\n<p>You can use the <a href=\"http:\/\/www.budget.finances.gouv.qc.ca\/budget\/outils\/garde_en.asp\" target=\"_blank\" rel=\"noopener noreferrer\">calculator<\/a> on the Minist\u00e8re des Finances website to determine the net cost of child care services and evaluate the various options available.<\/p>\n<p>View all available information regarding access to daycare centers on the <a href=\"https:\/\/www.mfa.gouv.qc.ca\/fr\/Famille\/soutien-famille\/services-garde\/acces-services\/Pages\/index.aspx\" target=\"_blank\" rel=\"noopener\">Minist\u00e8re de la famille<\/a> website (available only in French).<\/p>\n<h3><strong>Finding child care services<\/strong><\/h3>\n<p>To put your name on the waiting lists for subsidized child care services (CPEs, daycares, and some home child care facilities), visit the <a href=\"https:\/\/www.quebec.ca\/en\/family-and-support-for-individuals\/childhood\/childcare-centres\/registration-portal\/parents\/parents-access?_gl=1*1fpfp3t*_up*MQ..&amp;gclid=CjwKCAiAzrbIBhA3EiwAUBaUdWZOVy5yz-iwNLnodskEuyXpg387MvJvWhXygdUVlNH2D5t_Vi8sIBoCeH0QAvD_BwE&amp;gbraid=0AAAAAotEdaWVJOFqjIZpr-z2GXo_VSHh9\" target=\"_blank\" rel=\"noopener\">Registration Portal for Parents<\/a>. Both CPEs on the Laval campus, \u00abLa Petite Cit\u00e9\u00bb and \u00abCPE Centre Jour\u00bb, use this waiting list. Please also note that admission priority has been implemented. To learn more about how daycare spots are assigned, visit the <a href=\"https:\/\/www.quebec.ca\/famille-et-soutien-aux-personnes\/enfance\/garderies-et-services-de-garde\/portail-inscription\/parents\/connaitre-etapes-processus-admission?_gl=1*fjzq93*_up*MQ..*_gs*MQ..&amp;gclid=CjwKCAiAzrbIBhA3EiwAUBaUdWZOVy5yz-iwNLnodskEuyXpg387MvJvWhXygdUVlNH2D5t_Vi8sIBoCeH0QAvD_BwE&amp;gbraid=0AAAAAotEdaWVJOFqjIZpr-z2GXo_VSHh9\" target=\"_blank\" rel=\"noopener\">Government of Quebec<\/a> website.<\/p>\n<p>Private daycares and home child care facilities (which may or may not offer subsidized child care spaces) can use the waiting lists compiled by the <a href=\"https:\/\/www.quebec.ca\/en\/family-and-support-for-individuals\/childhood\/childcare-centres\/registration-portal\/parents\/parents-access?_gl=1*1fpfp3t*_up*MQ..&amp;gclid=CjwKCAiAzrbIBhA3EiwAUBaUdWZOVy5yz-iwNLnodskEuyXpg387MvJvWhXygdUVlNH2D5t_Vi8sIBoCeH0QAvD_BwE&amp;gbraid=0AAAAAotEdaWVJOFqjIZpr-z2GXo_VSHh9\" target=\"_blank\" rel=\"noopener\">Registration Portal for Parents<\/a> or they may have their own waiting lists. Contact them directly to find out if they have space available or how their waiting lists work.<\/p>\n<p>To find a CPE, daycare, or home child care facility in your neighbourhood, go to the following websites:<\/p>\n<p><strong>Minist\u00e8re de la Famille<\/strong><br \/>\n\u00abServices de garde\u00bb section, \u00abLocaliser un service de garde\u00bb (on the right)<br \/>\n<a href=\"https:\/\/www.mfa.gouv.qc.ca\/en\/services-de-garde\/parents\/choix\/Pages\/index.aspx\" target=\"_blank\" rel=\"noopener noreferrer\">www.mfa.gouv.qc.ca<\/a><\/p>\n<p><strong>Registration Portal for Parents<br \/>\n<\/strong><a href=\"https:\/\/www.quebec.ca\/en\/family-and-support-for-individuals\/childhood\/childcare-centres\/registration-portal\/parents\/parents-access?_gl=1*1fpfp3t*_up*MQ..&amp;gclid=CjwKCAiAzrbIBhA3EiwAUBaUdWZOVy5yz-iwNLnodskEuyXpg387MvJvWhXygdUVlNH2D5t_Vi8sIBoCeH0QAvD_BwE&amp;gbraid=0AAAAAotEdaWVJOFqjIZpr-z2GXo_VSHh9\" target=\"_blank\" rel=\"noopener\">www.quebec.ca<\/a><\/p>\n<p><strong>Other sites:<\/strong><br \/>\n<a href=\"http:\/\/www.lebottin.com\/\" target=\"_blank\" rel=\"noopener\">www.lebottin.com<\/a><br \/>\n<a href=\"http:\/\/www.lespacs.com\/\" target=\"_blank\" rel=\"noopener\">www.lespacs.com<\/a><br \/>\n<a href=\"http:\/\/www.kijiji.ca\/\" target=\"_blank\" rel=\"noopener\">www.kijiji.ca<\/a><\/p>\n<h3><strong>Drop-in centers<\/strong><\/h3>\n<p>If you have occasional childcare needs or are waiting for a childcare space, you can obtain the services of the community drop-in daycare centres available in Quebec City. Visit the <a href=\"https:\/\/ahgcq.org\/services\/\" target=\"_blank\" rel=\"noopener\">Association des haltes-garderies communautaires du Qu\u00e9bec website<\/a> (French) for more information.<\/p>\n<\/div>\n<div class=\"accordion-title\">\n<h2>Child care services provided at school<\/h2>\n<\/div>\n<div class=\"accordion-content\">\n<p>Kindergarten and elementary school schedules rarely coincide with those of parents who study or work. In addition, school holidays sometimes fall on workdays. Most schools offer childcare services at the school before classes start in the morning, at lunchtime, and after school. Children who attend these services after school can use the time to do their homework.<\/p>\n<p>Parents who send their children to school childcare services must pay fees. Contact your school or school board to find out which schools provide these services.<\/p>\n<\/div>\n<div class=\"accordion-title\">\n<h2>Health<\/h2>\n<\/div>\n<div class=\"accordion-content\">\n<p>Minor children (under 17 years old) of international students may be eligible for health insurance and prescription drug insurance coverage (Qu\u00e9bec\u2019s public plan\u2014RAMQ) provided they intend to be in Qu\u00e9bec for more than 6 months a year. Registration is done online, on the <a href=\"https:\/\/www.ramq.gouv.qc.ca\/en\/citizens\/health-insurance\/register\" target=\"_blank\" rel=\"noopener\">Government of Quebec website<\/a>. Contact the RAMQ within 15 days of your child arriving in Qu\u00e9bec so coverage can start as soon as they arrive.<\/p>\n<p>You must also ensure that each person accompanying you has health and hospitalization insurance. To find out about the different options, see our <a href=\"https:\/\/www.bve.ulaval.ca\/en\/international-students\/living-in-quebec-city\/private-healthcare\/\">Private health insurance<\/a> page.<\/p>\n<\/div>\n<div class=\"accordion-title\">\n<h2>Qu\u00e9bec education system<\/h2>\n<\/div>\n<div class=\"accordion-content\">\n<p>The Qu\u00e9bec education system comprises four levels: primary, secondary, college, and university.<\/p>\n<p>Primary school education begins with a year of optional kindergarten (la maternelle). Five-year-olds attend full time. Kindergarten is free, as is elementary and secondary public education. Elementary school begins at age six and lasts six years, followed by secondary school, which generally lasts five years, leading to a secondary school diploma. Students who so wish can take a one or two-year vocational program to earn a diploma of vocational studies (DEP), which prepares them for the job market.<\/p>\n<p>Otherwise, they may continue on to a college education, which is the first level of higher education. A diploma of collegial studies (DEC) is awarded upon the completion of these studies. Collegial studies usually last two years for those who want to pursue university studies (preuniversity training) or three years for those who want to directly enter the labor market (technical training).<\/p>\n<p>University education is divided into three levels: the first (three to four years) leads to a bachelor&#8217;s degree, the second (around two years) leads to a master&#8217;s degree, and the third (three to five years) leads to a doctoral degree.<\/p>\n<\/div>\n<p>To learn more about Qu\u00e9bec education system, you can visit the <a href=\"https:\/\/www.education.gouv.qc.ca\/en\/home\" target=\"_blank\" rel=\"noopener noreferrer\">Minist\u00e8re de l\u2019\u00c9ducation<\/a> website.<\/p>\n","protected":false},"excerpt":{"rendered":"<p>To learn more about Qu\u00e9bec education system, you can visit the Minist\u00e8re de l\u2019\u00c9ducation website.<\/p>\n","protected":false},"author":7,"featured_media":0,"parent":607,"menu_order":5,"comment_status":"closed","ping_status":"closed","template":"page-newcss.php","meta":{"_acf_changed":false,"footnotes":""},"class_list":["post-661","page","type-page","status-publish","hentry"],"acf":[],"yoast_head":"<!-- This site is optimized with the Yoast SEO plugin v27.4 - https:\/\/yoast.com\/product\/yoast-seo-wordpress\/ -->\n<title>Family | Bureau de la vie \u00e9tudiante<\/title>\n<meta name=\"description\" content=\"Live at Qu\u00e9bec with is family. Child care services, education system, tax system, immigration formalities, association of parents AP\u00c9TUL.\" \/>\n<meta name=\"robots\" content=\"index, follow, max-snippet:-1, max-image-preview:large, max-video-preview:-1\" \/>\n<link rel=\"canonical\" href=\"https:\/\/www.bve.ulaval.ca\/en\/international-students\/living-in-quebec-city\/family\/\" \/>\n<meta property=\"og:locale\" content=\"en_US\" \/>\n<meta property=\"og:type\" content=\"article\" \/>\n<meta property=\"og:title\" content=\"Family | Bureau de la vie \u00e9tudiante\" \/>\n<meta property=\"og:description\" content=\"Live at Qu\u00e9bec with is family. Child care services, education system, tax system, immigration formalities, association of parents AP\u00c9TUL.\" \/>\n<meta property=\"og:url\" content=\"https:\/\/www.bve.ulaval.ca\/en\/international-students\/living-in-quebec-city\/family\/\" \/>\n<meta property=\"og:site_name\" content=\"Bureau de la vie \u00e9tudiante\" \/>\n<meta property=\"article:publisher\" content=\"https:\/\/www.facebook.com\/BVEvieetudiante\" \/>\n<meta property=\"article:modified_time\" content=\"2025-11-11T15:43:31+00:00\" \/>\n<meta name=\"twitter:label1\" content=\"Est. reading time\" \/>\n\t<meta name=\"twitter:data1\" content=\"8 minutes\" \/>\n<script type=\"application\/ld+json\" class=\"yoast-schema-graph\">{\"@context\":\"https:\\\/\\\/schema.org\",\"@graph\":[{\"@type\":\"WebPage\",\"@id\":\"https:\\\/\\\/www.bve.ulaval.ca\\\/en\\\/international-students\\\/living-in-quebec-city\\\/family\\\/\",\"url\":\"https:\\\/\\\/www.bve.ulaval.ca\\\/en\\\/international-students\\\/living-in-quebec-city\\\/family\\\/\",\"name\":\"Family | Bureau de la vie \u00e9tudiante\",\"isPartOf\":{\"@id\":\"https:\\\/\\\/www.bve.ulaval.ca\\\/en\\\/#website\"},\"datePublished\":\"2014-12-02T16:48:25+00:00\",\"dateModified\":\"2025-11-11T15:43:31+00:00\",\"description\":\"Live at Qu\u00e9bec with is family. Child care services, education system, tax system, immigration formalities, association of parents AP\u00c9TUL.\",\"breadcrumb\":{\"@id\":\"https:\\\/\\\/www.bve.ulaval.ca\\\/en\\\/international-students\\\/living-in-quebec-city\\\/family\\\/#breadcrumb\"},\"inLanguage\":\"en-US\",\"potentialAction\":[{\"@type\":\"ReadAction\",\"target\":[\"https:\\\/\\\/www.bve.ulaval.ca\\\/en\\\/international-students\\\/living-in-quebec-city\\\/family\\\/\"]}]},{\"@type\":\"BreadcrumbList\",\"@id\":\"https:\\\/\\\/www.bve.ulaval.ca\\\/en\\\/international-students\\\/living-in-quebec-city\\\/family\\\/#breadcrumb\",\"itemListElement\":[{\"@type\":\"ListItem\",\"position\":1,\"name\":\"Accueil\",\"item\":\"https:\\\/\\\/www.bve.ulaval.ca\\\/en\\\/\"},{\"@type\":\"ListItem\",\"position\":2,\"name\":\"International Students\",\"item\":\"https:\\\/\\\/www.bve.ulaval.ca\\\/en\\\/international-students\\\/\"},{\"@type\":\"ListItem\",\"position\":3,\"name\":\"Living in Qu\u00e9bec City\",\"item\":\"https:\\\/\\\/www.bve.ulaval.ca\\\/en\\\/international-students\\\/living-in-quebec-city\\\/\"},{\"@type\":\"ListItem\",\"position\":4,\"name\":\"Family\"}]},{\"@type\":\"WebSite\",\"@id\":\"https:\\\/\\\/www.bve.ulaval.ca\\\/en\\\/#website\",\"url\":\"https:\\\/\\\/www.bve.ulaval.ca\\\/en\\\/\",\"name\":\"Bureau de la vie \u00e9tudiante\",\"description\":\"Universit\u00e9 Laval\",\"potentialAction\":[{\"@type\":\"SearchAction\",\"target\":{\"@type\":\"EntryPoint\",\"urlTemplate\":\"https:\\\/\\\/www.bve.ulaval.ca\\\/en\\\/?s={search_term_string}\"},\"query-input\":{\"@type\":\"PropertyValueSpecification\",\"valueRequired\":true,\"valueName\":\"search_term_string\"}}],\"inLanguage\":\"en-US\"}]}<\/script>\n<!-- \/ Yoast SEO plugin. -->","yoast_head_json":{"title":"Family | Bureau de la vie \u00e9tudiante","description":"Live at Qu\u00e9bec with is family. Child care services, education system, tax system, immigration formalities, association of parents AP\u00c9TUL.","robots":{"index":"index","follow":"follow","max-snippet":"max-snippet:-1","max-image-preview":"max-image-preview:large","max-video-preview":"max-video-preview:-1"},"canonical":"https:\/\/www.bve.ulaval.ca\/en\/international-students\/living-in-quebec-city\/family\/","og_locale":"en_US","og_type":"article","og_title":"Family | Bureau de la vie \u00e9tudiante","og_description":"Live at Qu\u00e9bec with is family. Child care services, education system, tax system, immigration formalities, association of parents AP\u00c9TUL.","og_url":"https:\/\/www.bve.ulaval.ca\/en\/international-students\/living-in-quebec-city\/family\/","og_site_name":"Bureau de la vie \u00e9tudiante","article_publisher":"https:\/\/www.facebook.com\/BVEvieetudiante","article_modified_time":"2025-11-11T15:43:31+00:00","twitter_misc":{"Est. reading time":"8 minutes"},"schema":{"@context":"https:\/\/schema.org","@graph":[{"@type":"WebPage","@id":"https:\/\/www.bve.ulaval.ca\/en\/international-students\/living-in-quebec-city\/family\/","url":"https:\/\/www.bve.ulaval.ca\/en\/international-students\/living-in-quebec-city\/family\/","name":"Family | Bureau de la vie \u00e9tudiante","isPartOf":{"@id":"https:\/\/www.bve.ulaval.ca\/en\/#website"},"datePublished":"2014-12-02T16:48:25+00:00","dateModified":"2025-11-11T15:43:31+00:00","description":"Live at Qu\u00e9bec with is family. Child care services, education system, tax system, immigration formalities, association of parents AP\u00c9TUL.","breadcrumb":{"@id":"https:\/\/www.bve.ulaval.ca\/en\/international-students\/living-in-quebec-city\/family\/#breadcrumb"},"inLanguage":"en-US","potentialAction":[{"@type":"ReadAction","target":["https:\/\/www.bve.ulaval.ca\/en\/international-students\/living-in-quebec-city\/family\/"]}]},{"@type":"BreadcrumbList","@id":"https:\/\/www.bve.ulaval.ca\/en\/international-students\/living-in-quebec-city\/family\/#breadcrumb","itemListElement":[{"@type":"ListItem","position":1,"name":"Accueil","item":"https:\/\/www.bve.ulaval.ca\/en\/"},{"@type":"ListItem","position":2,"name":"International Students","item":"https:\/\/www.bve.ulaval.ca\/en\/international-students\/"},{"@type":"ListItem","position":3,"name":"Living in Qu\u00e9bec City","item":"https:\/\/www.bve.ulaval.ca\/en\/international-students\/living-in-quebec-city\/"},{"@type":"ListItem","position":4,"name":"Family"}]},{"@type":"WebSite","@id":"https:\/\/www.bve.ulaval.ca\/en\/#website","url":"https:\/\/www.bve.ulaval.ca\/en\/","name":"Bureau de la vie \u00e9tudiante","description":"Universit\u00e9 Laval","potentialAction":[{"@type":"SearchAction","target":{"@type":"EntryPoint","urlTemplate":"https:\/\/www.bve.ulaval.ca\/en\/?s={search_term_string}"},"query-input":{"@type":"PropertyValueSpecification","valueRequired":true,"valueName":"search_term_string"}}],"inLanguage":"en-US"}]}},"_links":{"self":[{"href":"https:\/\/www.bve.ulaval.ca\/en\/wp-json\/wp\/v2\/pages\/661","targetHints":{"allow":["GET"]}}],"collection":[{"href":"https:\/\/www.bve.ulaval.ca\/en\/wp-json\/wp\/v2\/pages"}],"about":[{"href":"https:\/\/www.bve.ulaval.ca\/en\/wp-json\/wp\/v2\/types\/page"}],"author":[{"embeddable":true,"href":"https:\/\/www.bve.ulaval.ca\/en\/wp-json\/wp\/v2\/users\/7"}],"replies":[{"embeddable":true,"href":"https:\/\/www.bve.ulaval.ca\/en\/wp-json\/wp\/v2\/comments?post=661"}],"version-history":[{"count":3,"href":"https:\/\/www.bve.ulaval.ca\/en\/wp-json\/wp\/v2\/pages\/661\/revisions"}],"predecessor-version":[{"id":171644,"href":"https:\/\/www.bve.ulaval.ca\/en\/wp-json\/wp\/v2\/pages\/661\/revisions\/171644"}],"up":[{"embeddable":true,"href":"https:\/\/www.bve.ulaval.ca\/en\/wp-json\/wp\/v2\/pages\/607"}],"wp:attachment":[{"href":"https:\/\/www.bve.ulaval.ca\/en\/wp-json\/wp\/v2\/media?parent=661"}],"curies":[{"name":"wp","href":"https:\/\/api.w.org\/{rel}","templated":true}]}}