{"id":95579,"date":"2015-02-17T15:40:09","date_gmt":"2015-02-17T20:40:09","guid":{"rendered":"https:\/\/www.bve.ulaval.ca\/?page_id=95579"},"modified":"2026-02-10T09:51:53","modified_gmt":"2026-02-10T14:51:53","slug":"buddy-program-description","status":"publish","type":"page","link":"https:\/\/www.bve.ulaval.ca\/en\/international-students\/the-student-buddy-program\/buddy-program-description\/","title":{"rendered":"About the Buddy Program"},"content":{"rendered":"<p><a href=\"https:\/\/www.bve.ulaval.ca\/wp-content\/uploads\/2025\/03\/bandeau-jumelage-en-1600x516-1.jpg\"><img loading=\"lazy\" decoding=\"async\" class=\"alignnone wp-image-170078 size-full\" src=\"https:\/\/www.bve.ulaval.ca\/wp-content\/uploads\/2025\/03\/bandeau-jumelage-en-1600x516-1.jpg\" alt=\"\" width=\"1600\" height=\"516\" srcset=\"https:\/\/www.bve.ulaval.ca\/wp-content\/uploads\/2025\/03\/bandeau-jumelage-en-1600x516-1.jpg 1600w, https:\/\/www.bve.ulaval.ca\/wp-content\/uploads\/2025\/03\/bandeau-jumelage-en-1600x516-1-250x81.jpg 250w, https:\/\/www.bve.ulaval.ca\/wp-content\/uploads\/2025\/03\/bandeau-jumelage-en-1600x516-1-700x226.jpg 700w, https:\/\/www.bve.ulaval.ca\/wp-content\/uploads\/2025\/03\/bandeau-jumelage-en-1600x516-1-768x248.jpg 768w, https:\/\/www.bve.ulaval.ca\/wp-content\/uploads\/2025\/03\/bandeau-jumelage-en-1600x516-1-1536x495.jpg 1536w, https:\/\/www.bve.ulaval.ca\/wp-content\/uploads\/2025\/03\/bandeau-jumelage-en-1600x516-1-120x39.jpg 120w, https:\/\/www.bve.ulaval.ca\/wp-content\/uploads\/2025\/03\/bandeau-jumelage-en-1600x516-1-1320x426.jpg 1320w\" sizes=\"auto, (max-width: 1600px) 100vw, 1600px\" \/><\/a><\/p>\n<p>The Student Buddy Program provides new international students a helping hand at Universit\u00e9 Laval. It helps them adapt to the university community during the first few weeks of the semester. Pairing new international students with students already established at Universit\u00e9 Laval helps them better integrate and adjust to the university community as well as Qu\u00e9bec society. The program also raises awareness of cultural diversity among students already enrolled at Universit\u00e9 Laval, enabling them to participate in an intercultural experience.<\/p>\n<p>The pairing take place in the fall and winter sessions only.<\/p>\n<ul style=\"list-style-type: disc;\">\n<li><a title=\"Having a Buddy\" href=\"#havingbuddy\" target=\"_blank\" rel=\"noopener noreferrer\">Having a Buddy<\/a><\/li>\n<li><a title=\"Becoming a Buddy\" href=\"#becomingbuddy\" target=\"_blank\" rel=\"noopener noreferrer\">Becoming a Buddy<\/a><\/li>\n<li><a title=\"Student Buddy training session\" href=\"#trainingsession\" target=\"_blank\" rel=\"noopener noreferrer\">Student Buddy\u00a0training session<\/a><\/li>\n<\/ul>\n<h2><a id=\"havingbuddy\"><\/a>Having a Buddy<\/h2>\n<h3>You can apply to have a buddy if:<\/h3>\n<ul style=\"list-style-type: disc;\">\n<li>You are starting studies at Universit\u00e9 Laval (degree program or exchange)<\/li>\n<li>You would like your arrival, settling in, and integration into your new living and study environment to be as easy and pleasant as possible<\/li>\n<li>You have questions about how things work in Qu\u00e9bec<\/li>\n<li>You would like to have an Universit\u00e9 Laval student contact who is familiar with campus and Qu\u00e9bec City life<\/li>\n<\/ul>\n<p>The Bureau de la vie \u00e9tudiante will match you with your buddy when you arrive in Quebec City, or from mid-January if you are studying remotely. As a participant in the Student Buddy Program, you will be matched with an Universit\u00e9 Laval student who will be available a few hours a week for the first weeks of the semester to help you settle in and get to know Qu\u00e9bec City and the campus.<\/p>\n<p>As far as possible, students will be matched in accordance with the preferences they provide on their registration form and availability of buddies. These are international or Quebec students already enrolled at Universit\u00e9 Laval since a semester or more.<\/p>\n<p>The Program is currently closed for the winter 2026 session. The next edition for the fall 2026 session will begin in <strong>mid-August<\/strong>.<\/p>\n<div style=\"display:none;visibility:hidden\">For Winter semester 2026, you must register <strong>before January 30, 2026<\/strong>. The pairing will start on <strong>January 5, 2026<\/strong>.<\/p>\n<p>Registration forms will be available as <strong>from November, 18<\/strong> for the 2025 Winter semester.<\/p>\n<p>The pairing will start on January 5, 2026.<\/p>\n<p>For the Fall semester 2025, you must <strong>register<\/strong> before September, 26. The pairing will start on August, 11.<\/p>\n<p>[bouton_bleu]<a href=\"https:\/\/jumelage.bve.ulaval.ca\/fr\/login\" target=\"_blank\" rel=\"noopener noreferrer\">Registration<\/a>[\/bouton_bleu]<\/div>\n<h2><a id=\"becomingbuddy\"><\/a>Becoming a Buddy<\/h2>\n<h3>You can apply to become a buddy if:<\/h3>\n<ul style=\"list-style-type: disc;\">\n<li>You are an Universit\u00e9 Laval student and you have completed at least one semester<\/li>\n<li>You are interested in other cultures and you would like to be involved in an intercultural project<\/li>\n<li>You want to help a new student deal with culture shock<\/li>\n<li>You are fluent in french<\/li>\n<\/ul>\n<p>The Bureau de la vie \u00e9tudiante (BVE) asks buddies to be available for a few hours a week until reading week.<\/p>\n<p>As far as possible, students will be matched in accordance with the preferences they provide on their registration form.\u00a0Buddies must attend a <a href=\"#trainingsession\">training session<\/a>\u00a0<strong>before they begin<\/strong>.<\/p>\n<h4>What you gain from the experience:<\/h4>\n<ul style=\"list-style-type: disc;\">\n<li>A rewarding encounter with people from other culture<\/li>\n<li>A useful opportunity to prepare for your own international studies or internship project<\/li>\n<li>A way to act locally and think globally<\/li>\n<li>Enhanced awareness of intercultural and international issues<\/li>\n<li>International experience for your r\u00e9sum\u00e9<\/li>\n<li>A certificate of participation may be requested by buddies at the end of their involvement, within a maximum period of 3 months following the end of the program<\/li>\n<\/ul>\n<p>The recruitment of buddies for the Student Buddy Program for winter 2026 is now closed.<\/p>\n<div style=\"display:none;visibility:hidden\">The recruitment of buddies for the Student Buddy Program for winter 2026 has begun. For the winter semester 2026, you must <strong>register before January 30, 2026<\/strong>.<\/p>\n<p>The pairing will start on January 5, 2026.<\/p>\n<p>Registration forms will be available as <strong>from January 5, 2026<\/strong> for the 2026 Winter semester.<\/p>\n<p>The recruitment of buddies for the Student Buddy Program for fall 2025 has begun.<\/p>\n<p>For the Fall semester 2025, you must <strong>register<\/strong> before September, 26. The pairing will start on August, 11.<\/p>\n<p>[bouton_bleu]<a href=\"https:\/\/www.jumelage.bve.ulaval.ca\/fr\/login\" target=\"_blank\" rel=\"noopener noreferrer\">Registration<\/a>[\/bouton_bleu]<\/div>\n<h2><a id=\"trainingsession\"><\/a>Student Buddy\u00a0training session<\/h2>\n<p>As a future buddy, you must take part in a Student Buddy training session. These sessions last about 1 hour and are offered in person in Maurice-Pollack pavilion, room 2113 (Th\u00e9\u00e2tre de poche), or online. Please note those sessions are given only in French, in order to evaluate the ability of our student buddies to speak French.<\/p>\n<p>We also have few students that are looking for a buddy who master English as well as they do. If your level of French is not sufficient to follow a training in French, it is mandatory to read carefully the PDF document on the platform. The document covers all the essential elements of the training.<\/p>\n<p>If you are in this situation, please inform our team <a href=\"mailto:programmedejumelage@bve.ulaval.ca\">by email<\/a> to ensure that your application can be validated.<\/p>\n<div style=\"display:none;visibility:hidden\">\n<h3>SCHEDULE &#8211; Winter 2026<\/h3>\n<ul style=\"list-style-type: disc;\">\n<li style=\"list-style-type: none;\">\n<ul style=\"list-style-type: disc;\">\n<li><a href=\"https:\/\/teams.microsoft.com\/l\/meetup-join\/19%3ameeting_ZTAyZWMyNTQtNzY5My00NzE4LThiODYtNzlkMTY0MTcyNzQ3%40thread.v2\/0?context=%7b%22Tid%22%3a%2256778bd5-6a3f-4bd3-a265-93163e4d5bfe%22%2c%22Oid%22%3a%2294e9d5fa-3af8-4bda-bda1-7e54cc0fca26%22%7d\" target=\"_blank\" rel=\"noopener\">December 4, 2025 at 12 pm \u2013 Online<\/a><\/li>\n<li>January 6, 2026 at 12 pm \u2013 Th\u00e9\u00e2tre de poche<\/li>\n<li>January 13, 2026 at 3 pm \u2013 Th\u00e9\u00e2tre de poche<\/li>\n<li><a href=\"https:\/\/teams.microsoft.com\/l\/meetup-join\/19%3ameeting_YzZlMDgxMTQtMDM3MC00YWM2LTk0YjctMjc1MzQ4NzdiYjVm%40thread.v2\/0?context=%7b%22Tid%22%3a%2256778bd5-6a3f-4bd3-a265-93163e4d5bfe%22%2c%22Oid%22%3a%2294e9d5fa-3af8-4bda-bda1-7e54cc0fca26%22%7d\" target=\"_blank\" rel=\"noopener\">January 15, 2026 at 1 pm \u2013 Online<\/a><\/li>\n<li><a href=\"https:\/\/teams.microsoft.com\/l\/meetup-join\/19%3ameeting_ODljZDBjN2ItOGY3YS00ZTBjLTk3MzItZTFkZTFjZGM1YTcw%40thread.v2\/0?context=%7b%22Tid%22%3a%2256778bd5-6a3f-4bd3-a265-93163e4d5bfe%22%2c%22Oid%22%3a%2294e9d5fa-3af8-4bda-bda1-7e54cc0fca26%22%7d\" target=\"_blank\" rel=\"noopener\">January 27, 2026 at 4 pm \u2013 Online<\/a><\/li>\n<\/ul>\n<\/li>\n<\/ul>\n<\/div>\n<p>Upcoming dates to come&#8230;<\/p>\n<div class=\"boite-grise\">\n<p><strong>Information<\/strong><br \/>\n<a href=\"mailto:programmedejumelage@bve.ulaval.ca\">programmedejumelage@bve.ulaval.ca<\/a><\/p>\n<\/div>\n","protected":false},"excerpt":{"rendered":"<p>The Student Buddy Program provides new international students a helping hand at Universit\u00e9 Laval. It helps them adapt to the university community during the first few weeks of the semester. Pairing new international students with students already established at Universit\u00e9 Laval helps them better integrate and adjust to the university community as well as Qu\u00e9bec [&hellip;]<\/p>\n","protected":false},"author":6,"featured_media":0,"parent":479,"menu_order":0,"comment_status":"closed","ping_status":"closed","template":"page-newcss.php","meta":{"_acf_changed":false,"footnotes":""},"class_list":["post-95579","page","type-page","status-publish","hentry"],"acf":[],"yoast_head":"<!-- This site is optimized with the Yoast SEO plugin v27.4 - https:\/\/yoast.com\/product\/yoast-seo-wordpress\/ -->\n<title>About the Buddy Program | Bureau de la vie \u00e9tudiante<\/title>\n<meta name=\"description\" content=\"The Student Buddy Program provides new international students with a helping hand upon their arrival in Qu\u00e9bec City and at Universit\u00e9 Laval.\" \/>\n<meta name=\"robots\" content=\"index, follow, max-snippet:-1, max-image-preview:large, max-video-preview:-1\" \/>\n<link rel=\"canonical\" href=\"https:\/\/www.bve.ulaval.ca\/en\/international-students\/the-student-buddy-program\/buddy-program-description\/\" \/>\n<meta property=\"og:locale\" content=\"en_US\" \/>\n<meta property=\"og:type\" content=\"article\" \/>\n<meta property=\"og:title\" content=\"About the Buddy Program | Bureau de la vie \u00e9tudiante\" \/>\n<meta property=\"og:description\" content=\"The Student Buddy Program provides new international students with a helping hand upon their arrival in Qu\u00e9bec City and at Universit\u00e9 Laval.\" \/>\n<meta property=\"og:url\" content=\"https:\/\/www.bve.ulaval.ca\/en\/international-students\/the-student-buddy-program\/buddy-program-description\/\" \/>\n<meta property=\"og:site_name\" content=\"Bureau de la vie \u00e9tudiante\" \/>\n<meta property=\"article:publisher\" content=\"https:\/\/www.facebook.com\/BVEvieetudiante\" \/>\n<meta property=\"article:modified_time\" content=\"2026-02-10T14:51:53+00:00\" \/>\n<meta property=\"og:image\" content=\"https:\/\/www.bve.ulaval.ca\/wp-content\/uploads\/2025\/03\/bandeau-jumelage-en-1600x516-1.jpg\" \/>\n\t<meta property=\"og:image:width\" content=\"1600\" \/>\n\t<meta property=\"og:image:height\" content=\"516\" \/>\n\t<meta property=\"og:image:type\" content=\"image\/jpeg\" \/>\n<meta name=\"twitter:label1\" content=\"Est. reading time\" \/>\n\t<meta name=\"twitter:data1\" content=\"5 minutes\" \/>\n<script type=\"application\/ld+json\" class=\"yoast-schema-graph\">{\"@context\":\"https:\\\/\\\/schema.org\",\"@graph\":[{\"@type\":\"WebPage\",\"@id\":\"https:\\\/\\\/www.bve.ulaval.ca\\\/en\\\/international-students\\\/the-student-buddy-program\\\/buddy-program-description\\\/\",\"url\":\"https:\\\/\\\/www.bve.ulaval.ca\\\/en\\\/international-students\\\/the-student-buddy-program\\\/buddy-program-description\\\/\",\"name\":\"About the Buddy Program | Bureau de la vie \u00e9tudiante\",\"isPartOf\":{\"@id\":\"https:\\\/\\\/www.bve.ulaval.ca\\\/en\\\/#website\"},\"primaryImageOfPage\":{\"@id\":\"https:\\\/\\\/www.bve.ulaval.ca\\\/en\\\/international-students\\\/the-student-buddy-program\\\/buddy-program-description\\\/#primaryimage\"},\"image\":{\"@id\":\"https:\\\/\\\/www.bve.ulaval.ca\\\/en\\\/international-students\\\/the-student-buddy-program\\\/buddy-program-description\\\/#primaryimage\"},\"thumbnailUrl\":\"https:\\\/\\\/www.bve.ulaval.ca\\\/wp-content\\\/uploads\\\/2025\\\/03\\\/bandeau-jumelage-en-1600x516-1.jpg\",\"datePublished\":\"2015-02-17T20:40:09+00:00\",\"dateModified\":\"2026-02-10T14:51:53+00:00\",\"description\":\"The Student Buddy Program provides new international students with a helping hand upon their arrival in Qu\u00e9bec City and at Universit\u00e9 Laval.\",\"breadcrumb\":{\"@id\":\"https:\\\/\\\/www.bve.ulaval.ca\\\/en\\\/international-students\\\/the-student-buddy-program\\\/buddy-program-description\\\/#breadcrumb\"},\"inLanguage\":\"en-US\",\"potentialAction\":[{\"@type\":\"ReadAction\",\"target\":[\"https:\\\/\\\/www.bve.ulaval.ca\\\/en\\\/international-students\\\/the-student-buddy-program\\\/buddy-program-description\\\/\"]}]},{\"@type\":\"ImageObject\",\"inLanguage\":\"en-US\",\"@id\":\"https:\\\/\\\/www.bve.ulaval.ca\\\/en\\\/international-students\\\/the-student-buddy-program\\\/buddy-program-description\\\/#primaryimage\",\"url\":\"https:\\\/\\\/www.bve.ulaval.ca\\\/wp-content\\\/uploads\\\/2025\\\/03\\\/bandeau-jumelage-en-1600x516-1.jpg\",\"contentUrl\":\"https:\\\/\\\/www.bve.ulaval.ca\\\/wp-content\\\/uploads\\\/2025\\\/03\\\/bandeau-jumelage-en-1600x516-1.jpg\"},{\"@type\":\"BreadcrumbList\",\"@id\":\"https:\\\/\\\/www.bve.ulaval.ca\\\/en\\\/international-students\\\/the-student-buddy-program\\\/buddy-program-description\\\/#breadcrumb\",\"itemListElement\":[{\"@type\":\"ListItem\",\"position\":1,\"name\":\"Accueil\",\"item\":\"https:\\\/\\\/www.bve.ulaval.ca\\\/en\\\/\"},{\"@type\":\"ListItem\",\"position\":2,\"name\":\"International Students\",\"item\":\"https:\\\/\\\/www.bve.ulaval.ca\\\/en\\\/international-students\\\/\"},{\"@type\":\"ListItem\",\"position\":3,\"name\":\"The Student Buddy Program\",\"item\":\"https:\\\/\\\/www.bve.ulaval.ca\\\/en\\\/international-students\\\/the-student-buddy-program\\\/\"},{\"@type\":\"ListItem\",\"position\":4,\"name\":\"About the Buddy Program\"}]},{\"@type\":\"WebSite\",\"@id\":\"https:\\\/\\\/www.bve.ulaval.ca\\\/en\\\/#website\",\"url\":\"https:\\\/\\\/www.bve.ulaval.ca\\\/en\\\/\",\"name\":\"Bureau de la vie \u00e9tudiante\",\"description\":\"Universit\u00e9 Laval\",\"potentialAction\":[{\"@type\":\"SearchAction\",\"target\":{\"@type\":\"EntryPoint\",\"urlTemplate\":\"https:\\\/\\\/www.bve.ulaval.ca\\\/en\\\/?s={search_term_string}\"},\"query-input\":{\"@type\":\"PropertyValueSpecification\",\"valueRequired\":true,\"valueName\":\"search_term_string\"}}],\"inLanguage\":\"en-US\"}]}<\/script>\n<!-- \/ Yoast SEO plugin. -->","yoast_head_json":{"title":"About the Buddy Program | Bureau de la vie \u00e9tudiante","description":"The Student Buddy Program provides new international students with a helping hand upon their arrival in Qu\u00e9bec City and at Universit\u00e9 Laval.","robots":{"index":"index","follow":"follow","max-snippet":"max-snippet:-1","max-image-preview":"max-image-preview:large","max-video-preview":"max-video-preview:-1"},"canonical":"https:\/\/www.bve.ulaval.ca\/en\/international-students\/the-student-buddy-program\/buddy-program-description\/","og_locale":"en_US","og_type":"article","og_title":"About the Buddy Program | Bureau de la vie \u00e9tudiante","og_description":"The Student Buddy Program provides new international students with a helping hand upon their arrival in Qu\u00e9bec City and at Universit\u00e9 Laval.","og_url":"https:\/\/www.bve.ulaval.ca\/en\/international-students\/the-student-buddy-program\/buddy-program-description\/","og_site_name":"Bureau de la vie \u00e9tudiante","article_publisher":"https:\/\/www.facebook.com\/BVEvieetudiante","article_modified_time":"2026-02-10T14:51:53+00:00","og_image":[{"width":1600,"height":516,"url":"https:\/\/www.bve.ulaval.ca\/wp-content\/uploads\/2025\/03\/bandeau-jumelage-en-1600x516-1.jpg","type":"image\/jpeg"}],"twitter_misc":{"Est. reading time":"5 minutes"},"schema":{"@context":"https:\/\/schema.org","@graph":[{"@type":"WebPage","@id":"https:\/\/www.bve.ulaval.ca\/en\/international-students\/the-student-buddy-program\/buddy-program-description\/","url":"https:\/\/www.bve.ulaval.ca\/en\/international-students\/the-student-buddy-program\/buddy-program-description\/","name":"About the Buddy Program | Bureau de la vie \u00e9tudiante","isPartOf":{"@id":"https:\/\/www.bve.ulaval.ca\/en\/#website"},"primaryImageOfPage":{"@id":"https:\/\/www.bve.ulaval.ca\/en\/international-students\/the-student-buddy-program\/buddy-program-description\/#primaryimage"},"image":{"@id":"https:\/\/www.bve.ulaval.ca\/en\/international-students\/the-student-buddy-program\/buddy-program-description\/#primaryimage"},"thumbnailUrl":"https:\/\/www.bve.ulaval.ca\/wp-content\/uploads\/2025\/03\/bandeau-jumelage-en-1600x516-1.jpg","datePublished":"2015-02-17T20:40:09+00:00","dateModified":"2026-02-10T14:51:53+00:00","description":"The Student Buddy Program provides new international students with a helping hand upon their arrival in Qu\u00e9bec City and at Universit\u00e9 Laval.","breadcrumb":{"@id":"https:\/\/www.bve.ulaval.ca\/en\/international-students\/the-student-buddy-program\/buddy-program-description\/#breadcrumb"},"inLanguage":"en-US","potentialAction":[{"@type":"ReadAction","target":["https:\/\/www.bve.ulaval.ca\/en\/international-students\/the-student-buddy-program\/buddy-program-description\/"]}]},{"@type":"ImageObject","inLanguage":"en-US","@id":"https:\/\/www.bve.ulaval.ca\/en\/international-students\/the-student-buddy-program\/buddy-program-description\/#primaryimage","url":"https:\/\/www.bve.ulaval.ca\/wp-content\/uploads\/2025\/03\/bandeau-jumelage-en-1600x516-1.jpg","contentUrl":"https:\/\/www.bve.ulaval.ca\/wp-content\/uploads\/2025\/03\/bandeau-jumelage-en-1600x516-1.jpg"},{"@type":"BreadcrumbList","@id":"https:\/\/www.bve.ulaval.ca\/en\/international-students\/the-student-buddy-program\/buddy-program-description\/#breadcrumb","itemListElement":[{"@type":"ListItem","position":1,"name":"Accueil","item":"https:\/\/www.bve.ulaval.ca\/en\/"},{"@type":"ListItem","position":2,"name":"International Students","item":"https:\/\/www.bve.ulaval.ca\/en\/international-students\/"},{"@type":"ListItem","position":3,"name":"The Student Buddy Program","item":"https:\/\/www.bve.ulaval.ca\/en\/international-students\/the-student-buddy-program\/"},{"@type":"ListItem","position":4,"name":"About the Buddy Program"}]},{"@type":"WebSite","@id":"https:\/\/www.bve.ulaval.ca\/en\/#website","url":"https:\/\/www.bve.ulaval.ca\/en\/","name":"Bureau de la vie \u00e9tudiante","description":"Universit\u00e9 Laval","potentialAction":[{"@type":"SearchAction","target":{"@type":"EntryPoint","urlTemplate":"https:\/\/www.bve.ulaval.ca\/en\/?s={search_term_string}"},"query-input":{"@type":"PropertyValueSpecification","valueRequired":true,"valueName":"search_term_string"}}],"inLanguage":"en-US"}]}},"_links":{"self":[{"href":"https:\/\/www.bve.ulaval.ca\/en\/wp-json\/wp\/v2\/pages\/95579","targetHints":{"allow":["GET"]}}],"collection":[{"href":"https:\/\/www.bve.ulaval.ca\/en\/wp-json\/wp\/v2\/pages"}],"about":[{"href":"https:\/\/www.bve.ulaval.ca\/en\/wp-json\/wp\/v2\/types\/page"}],"author":[{"embeddable":true,"href":"https:\/\/www.bve.ulaval.ca\/en\/wp-json\/wp\/v2\/users\/6"}],"replies":[{"embeddable":true,"href":"https:\/\/www.bve.ulaval.ca\/en\/wp-json\/wp\/v2\/comments?post=95579"}],"version-history":[{"count":10,"href":"https:\/\/www.bve.ulaval.ca\/en\/wp-json\/wp\/v2\/pages\/95579\/revisions"}],"predecessor-version":[{"id":172241,"href":"https:\/\/www.bve.ulaval.ca\/en\/wp-json\/wp\/v2\/pages\/95579\/revisions\/172241"}],"up":[{"embeddable":true,"href":"https:\/\/www.bve.ulaval.ca\/en\/wp-json\/wp\/v2\/pages\/479"}],"wp:attachment":[{"href":"https:\/\/www.bve.ulaval.ca\/en\/wp-json\/wp\/v2\/media?parent=95579"}],"curies":[{"name":"wp","href":"https:\/\/api.w.org\/{rel}","templated":true}]}}